{"id":1998,"date":"2023-07-26T19:44:03","date_gmt":"2023-07-26T19:44:03","guid":{"rendered":"https:\/\/42wolfsburg.de\/?page_id=1998"},"modified":"2026-05-13T06:41:30","modified_gmt":"2026-05-13T06:41:30","slug":"imprint","status":"publish","type":"page","link":"https:\/\/42wolfsburg.de\/de\/imprint\/","title":{"rendered":"Legal Imprint"},"content":{"rendered":"<div data-elementor-type=\"wp-page\" data-elementor-id=\"1998\" class=\"elementor elementor-1998\" data-elementor-post-type=\"page\">\n\t\t\t\t<div class=\"elementor-element elementor-element-6958fd1 e-flex e-con-boxed e-con e-parent\" data-id=\"6958fd1\" data-element_type=\"container\" data-e-type=\"container\">\n\t\t\t\t\t<div class=\"e-con-inner\">\n\t\t\t\t<div class=\"elementor-element elementor-element-64bba541 elementor-widget elementor-widget-heading\" data-id=\"64bba541\" data-element_type=\"widget\" data-e-type=\"widget\" data-settings=\"{&quot;_animation_mobile&quot;:&quot;fadeInUp&quot;}\" data-widget_type=\"heading.default\">\n\t\t\t\t<div class=\"elementor-widget-container\">\n\t\t\t\t\t<h2 class=\"elementor-heading-title elementor-size-default\">Legal Imprint<\/h2>\t\t\t\t<\/div>\n\t\t\t\t<\/div>\n\t\t\t\t<div class=\"elementor-element elementor-element-3899c734 elementor-widget__width-initial elementor-widget elementor-widget-text-editor\" data-id=\"3899c734\" data-element_type=\"widget\" data-e-type=\"widget\" data-widget_type=\"text-editor.default\">\n\t\t\t\t<div class=\"elementor-widget-container\">\n\t\t\t\t\t\t\t\t\t<div class=\"scrollspy-container\" tabindex=\"0\" data-bs-spy=\"scroll\" data-bs-target=\"#scrollspy\" data-bs-offset=\"0\"><div id=\"\" class=\"section-richtext py-2 py-lg-5\"><div class=\"container\"><div class=\"row\"><div class=\"mx-auto offset-lg-4 col-lg-8\"><div class=\"d-flex justify-content-center align-items-center flex-column\"><div class=\"description mt-2 text-center aos-init aos-animate\" data-aos=\"fade-up\"><h4><strong>Contact<br \/><\/strong><\/h4><p>Address:<br \/>42 Wolfsburg\/ Berlin e.V.<br \/>Porschestra\u00dfe 2c<br \/>D-38440 Wolfsburg, Germany<\/p><p>E-Mail: <a href=\"mailto:contact@42wolfsburg.de\" target=\"_new\">contact@42wolfsburg.de<\/a><\/p><h4><strong><br \/>Presidents of the Association:<\/strong><\/h4><p>Ralph Linde &amp; Andrea Morgan-Sch\u00f6nwetter<\/p><h4><strong><br \/>Registration Details:<\/strong><\/h4><p>Register No: VR 201961<br \/>Amtsgericht Braunschweig<\/p><p>VAT No: DE339830600<\/p><h4><strong><br \/>EU dispute resolution<\/strong><\/h4><p>The European Commission provides a platform for online dispute resolution (ODR):\u00a0<\/p><p><a href=\"https:\/\/consumer-redress.ec.europa.eu\/index_de\">https:\/\/consumer-redress.ec.europa.eu\/index_de<\/a><\/p><p>Our e-mail address can be found above in the site notice.<\/p><p>Dispute resolution proceedings in front of a consumer arbitration board<br \/>We participate in a dispute settlement procedure before a consumer arbitration board. The competent consumer arbitration board is Zentrum f\u00fcr Schlichtung e.V., Stra\u00dfburger Stra\u00dfe 8, 77694 Kehl am Rhein (<a href=\"https:\/\/www.universalschlichtungsstelle.de\/\">https:\/\/www.universalschlichtungsstelle.de\/<\/a>)<\/p><h4><strong><br \/>Liability for Contents<\/strong><\/h4><p>As service providers, we are liable for own contents of these websites according to Paragraph 7, Sect. 1 German Telemedia Act (TMG). However, according to Paragraphs 8 to 10 German Telemedia Act (TMG), service providers are not obligated to permanently monitor submitted or stored information or to search for evidences that indicate illegal activities.<\/p><p>Legal obligations to removing information or to blocking the use of information remain unchallenged. In this case, liability is only possible at the time of knowledge about a specific violation of law. Illegal contents will be removed immediately at the time we get knowledge of them.<\/p><h4><strong><br \/>Liability for Links<\/strong><\/h4><p>Our offer includes links to external third party websites. We have no influence on the contents of those websites, therefore we cannot guarantee for those contents. Providers or administrators of linked websites are always responsible for their own contents.<\/p><p>The linked websites had been checked for possible violations of law at the time of the establishment of the link. Illegal contents were not detected at the time of the linking. A permanent monitoring of the contents of linked websites cannot be imposed without reasonable indications that there has been a violation of law. Illegal links will be removed immediately at the time we get knowledge of them.<\/p><h4><strong><br \/>Copyright<\/strong><\/h4><p>Contents and compilations published on these websites by the providers are subject to German copyright laws. Reproduction, editing, distribution as well as the use of any kind outside the scope of the copyright law require a written permission of the author or originator. Downloads and copies of these websites are permitted for private use only.<br \/>The commercial use of our contents without permission of the originator is prohibited.<\/p><p>Copyright laws of third parties are respected as long as the contents on these websites do not originate from the provider. Contributions of third parties on this site are indicated as such. However, if you notice any violations of copyright law, please inform us. Such contents will be removed immediately.<\/p><p>More Information on our <strong><a title=\"Privacy Policy\" href=\"https:\/\/42wolfsburg.de\/de\/privacy-policy\/\" target=\"_blank\" rel=\"noopener\">Privacy Policy page<\/a><\/strong>.<\/p><p>Copyright for image of the Markthalle on About: Hans-Dieter Brand<br \/>Copyright for image of swimming pool on Piscine: moerschy<\/p><h4><strong><br \/>Information pursuant to Sect. 5 Digital Services Act (Digitale-Dienste-Gesetz &#8211; DDG)<br \/><\/strong><\/h4><p><strong>42 Wolfsburg\/ Berlin e.V<br \/><\/strong>Porschestra\u00dfe 2c<br \/>D-38440 Wolfsburg<\/p><p>Represented by:<br \/>Max Reinhardt<\/p><h4><strong><br \/><b data-path-to-node=\"4,0\" data-index-in-node=\"0\">Responsible for content according to Sect. 18, paragraph 2 MStV:<\/b><\/strong><\/h4><p>Max Reinhardt<br \/>Email: contact@42wolfsburg.de<\/p><\/div><\/div><\/div><\/div><\/div><\/div><\/div>\t\t\t\t\t\t\t\t<\/div>\n\t\t\t\t<\/div>\n\t\t\t\t\t<\/div>\n\t\t\t\t<\/div>\n\t\t\t\t<\/div>","protected":false},"excerpt":{"rendered":"<p>Imprint Contact Address:42 Wolfsburg\/ Berlin e.V.Porschestra\u00dfe 2cD-38440 Wolfsburg, Germany E-Mail: contact@42wolfsburg.de Presidents of the Association: Ralph Linde &amp; Andrea Morgan-Sch\u00f6nwetter Registration Details: Register No: VR 201961Amtsgericht Braunschweig VAT No: DE339830600 EU dispute resolution The European Commission provides a platform for online dispute resolution (ODR):\u00a0 https:\/\/consumer-redress.ec.europa.eu\/index_de Our e-mail address can be found above in the site [&hellip;]<\/p>","protected":false},"author":4,"featured_media":0,"parent":0,"menu_order":0,"comment_status":"closed","ping_status":"closed","template":"","meta":{"footnotes":""},"class_list":["post-1998","page","type-page","status-publish","hentry"],"yoast_head":"<!-- This site is optimized with the Yoast SEO plugin v26.3 - https:\/\/yoast.com\/wordpress\/plugins\/seo\/ -->\n<title>Legal Imprint and Copyright Information - 42 Wolfsburg<\/title>\n<meta name=\"description\" content=\"Legal imprint information\" \/>\n<meta name=\"robots\" content=\"index, follow, max-snippet:-1, max-image-preview:large, max-video-preview:-1\" \/>\n<link rel=\"canonical\" href=\"https:\/\/42wolfsburg.de\/de\/imprint\/\" \/>\n<meta property=\"og:locale\" content=\"de_DE\" \/>\n<meta property=\"og:type\" content=\"article\" \/>\n<meta property=\"og:title\" content=\"Legal Imprint and Copyright Information - 42 Wolfsburg\" \/>\n<meta property=\"og:description\" content=\"Legal imprint information\" \/>\n<meta property=\"og:url\" content=\"https:\/\/42wolfsburg.de\/de\/imprint\/\" \/>\n<meta property=\"og:site_name\" content=\"42 Wolfsburg\" \/>\n<meta property=\"article:modified_time\" content=\"2026-05-13T06:41:30+00:00\" \/>\n<meta name=\"twitter:card\" content=\"summary_large_image\" \/>\n<meta name=\"twitter:label1\" content=\"Gesch\u00e4tzte Lesezeit\" \/>\n\t<meta name=\"twitter:data1\" content=\"3\u00a0Minuten\" \/>\n<script type=\"application\/ld+json\" class=\"yoast-schema-graph\">{\"@context\":\"https:\/\/schema.org\",\"@graph\":[{\"@type\":\"WebPage\",\"@id\":\"https:\/\/42wolfsburg.de\/imprint\/\",\"url\":\"https:\/\/42wolfsburg.de\/imprint\/\",\"name\":\"Legal Imprint and Copyright Information - 42 Wolfsburg\",\"isPartOf\":{\"@id\":\"https:\/\/42wolfsburg.de\/#website\"},\"datePublished\":\"2023-07-26T19:44:03+00:00\",\"dateModified\":\"2026-05-13T06:41:30+00:00\",\"description\":\"Legal imprint information\",\"breadcrumb\":{\"@id\":\"https:\/\/42wolfsburg.de\/imprint\/#breadcrumb\"},\"inLanguage\":\"de\",\"potentialAction\":[{\"@type\":\"ReadAction\",\"target\":[\"https:\/\/42wolfsburg.de\/imprint\/\"]}]},{\"@type\":\"BreadcrumbList\",\"@id\":\"https:\/\/42wolfsburg.de\/imprint\/#breadcrumb\",\"itemListElement\":[{\"@type\":\"ListItem\",\"position\":1,\"name\":\"Home\",\"item\":\"https:\/\/42wolfsburg.de\/\"},{\"@type\":\"ListItem\",\"position\":2,\"name\":\"Imprint\"}]},{\"@type\":\"WebSite\",\"@id\":\"https:\/\/42wolfsburg.de\/#website\",\"url\":\"https:\/\/42wolfsburg.de\/\",\"name\":\"42 Wolfsburg\",\"description\":\"Coding School\",\"publisher\":{\"@id\":\"https:\/\/42wolfsburg.de\/#organization\"},\"potentialAction\":[{\"@type\":\"SearchAction\",\"target\":{\"@type\":\"EntryPoint\",\"urlTemplate\":\"https:\/\/42wolfsburg.de\/?s={search_term_string}\"},\"query-input\":{\"@type\":\"PropertyValueSpecification\",\"valueRequired\":true,\"valueName\":\"search_term_string\"}}],\"inLanguage\":\"de\"},{\"@type\":\"Organization\",\"@id\":\"https:\/\/42wolfsburg.de\/#organization\",\"name\":\"42 Wolfsburg\",\"url\":\"https:\/\/42wolfsburg.de\/\",\"logo\":{\"@type\":\"ImageObject\",\"inLanguage\":\"de\",\"@id\":\"https:\/\/42wolfsburg.de\/#\/schema\/logo\/image\/\",\"url\":\"https:\/\/42wolfsburg.de\/wp-content\/uploads\/2024\/08\/42Wolfsburg_Logo_ver_pos_black_RGB.png\",\"contentUrl\":\"https:\/\/42wolfsburg.de\/wp-content\/uploads\/2024\/08\/42Wolfsburg_Logo_ver_pos_black_RGB.png\",\"width\":591,\"height\":591,\"caption\":\"42 Wolfsburg\"},\"image\":{\"@id\":\"https:\/\/42wolfsburg.de\/#\/schema\/logo\/image\/\"}}]}<\/script>\n<!-- \/ Yoast SEO plugin. -->","yoast_head_json":{"title":"Legal Imprint and Copyright Information - 42 Wolfsburg","description":"Legal imprint information","robots":{"index":"index","follow":"follow","max-snippet":"max-snippet:-1","max-image-preview":"max-image-preview:large","max-video-preview":"max-video-preview:-1"},"canonical":"https:\/\/42wolfsburg.de\/de\/imprint\/","og_locale":"de_DE","og_type":"article","og_title":"Legal Imprint and Copyright Information - 42 Wolfsburg","og_description":"Legal imprint information","og_url":"https:\/\/42wolfsburg.de\/de\/imprint\/","og_site_name":"42 Wolfsburg","article_modified_time":"2026-05-13T06:41:30+00:00","twitter_card":"summary_large_image","twitter_misc":{"Gesch\u00e4tzte Lesezeit":"3\u00a0Minuten"},"schema":{"@context":"https:\/\/schema.org","@graph":[{"@type":"WebPage","@id":"https:\/\/42wolfsburg.de\/imprint\/","url":"https:\/\/42wolfsburg.de\/imprint\/","name":"Legal Imprint and Copyright Information - 42 Wolfsburg","isPartOf":{"@id":"https:\/\/42wolfsburg.de\/#website"},"datePublished":"2023-07-26T19:44:03+00:00","dateModified":"2026-05-13T06:41:30+00:00","description":"Legal imprint information","breadcrumb":{"@id":"https:\/\/42wolfsburg.de\/imprint\/#breadcrumb"},"inLanguage":"de","potentialAction":[{"@type":"ReadAction","target":["https:\/\/42wolfsburg.de\/imprint\/"]}]},{"@type":"BreadcrumbList","@id":"https:\/\/42wolfsburg.de\/imprint\/#breadcrumb","itemListElement":[{"@type":"ListItem","position":1,"name":"Home","item":"https:\/\/42wolfsburg.de\/"},{"@type":"ListItem","position":2,"name":"Imprint"}]},{"@type":"WebSite","@id":"https:\/\/42wolfsburg.de\/#website","url":"https:\/\/42wolfsburg.de\/","name":"42 Wolfsburg","description":"Coding School","publisher":{"@id":"https:\/\/42wolfsburg.de\/#organization"},"potentialAction":[{"@type":"SearchAction","target":{"@type":"EntryPoint","urlTemplate":"https:\/\/42wolfsburg.de\/?s={search_term_string}"},"query-input":{"@type":"PropertyValueSpecification","valueRequired":true,"valueName":"search_term_string"}}],"inLanguage":"de"},{"@type":"Organization","@id":"https:\/\/42wolfsburg.de\/#organization","name":"42 Wolfsburg","url":"https:\/\/42wolfsburg.de\/","logo":{"@type":"ImageObject","inLanguage":"de","@id":"https:\/\/42wolfsburg.de\/#\/schema\/logo\/image\/","url":"https:\/\/42wolfsburg.de\/wp-content\/uploads\/2024\/08\/42Wolfsburg_Logo_ver_pos_black_RGB.png","contentUrl":"https:\/\/42wolfsburg.de\/wp-content\/uploads\/2024\/08\/42Wolfsburg_Logo_ver_pos_black_RGB.png","width":591,"height":591,"caption":"42 Wolfsburg"},"image":{"@id":"https:\/\/42wolfsburg.de\/#\/schema\/logo\/image\/"}}]}},"_links":{"self":[{"href":"https:\/\/42wolfsburg.de\/de\/wp-json\/wp\/v2\/pages\/1998","targetHints":{"allow":["GET"]}}],"collection":[{"href":"https:\/\/42wolfsburg.de\/de\/wp-json\/wp\/v2\/pages"}],"about":[{"href":"https:\/\/42wolfsburg.de\/de\/wp-json\/wp\/v2\/types\/page"}],"author":[{"embeddable":true,"href":"https:\/\/42wolfsburg.de\/de\/wp-json\/wp\/v2\/users\/4"}],"replies":[{"embeddable":true,"href":"https:\/\/42wolfsburg.de\/de\/wp-json\/wp\/v2\/comments?post=1998"}],"version-history":[{"count":9,"href":"https:\/\/42wolfsburg.de\/de\/wp-json\/wp\/v2\/pages\/1998\/revisions"}],"predecessor-version":[{"id":7478,"href":"https:\/\/42wolfsburg.de\/de\/wp-json\/wp\/v2\/pages\/1998\/revisions\/7478"}],"wp:attachment":[{"href":"https:\/\/42wolfsburg.de\/de\/wp-json\/wp\/v2\/media?parent=1998"}],"curies":[{"name":"wp","href":"https:\/\/api.w.org\/{rel}","templated":true}]}}