{"id":2139,"date":"2023-07-27T08:33:28","date_gmt":"2023-07-27T08:33:28","guid":{"rendered":"https:\/\/42wolfsburg.de\/?page_id=2139"},"modified":"2023-08-01T11:46:27","modified_gmt":"2023-08-01T11:46:27","slug":"42-mobility","status":"publish","type":"page","link":"https:\/\/42wolfsburg.de\/de\/42-mobility\/","title":{"rendered":"42 Mobility"},"content":{"rendered":"<div data-elementor-type=\"wp-page\" data-elementor-id=\"2139\" class=\"elementor elementor-2139\" data-elementor-post-type=\"page\">\n\t\t\t\t<div class=\"elementor-element elementor-element-4984ce5e e-flex e-con-boxed e-con e-parent\" data-id=\"4984ce5e\" data-element_type=\"container\" data-e-type=\"container\">\n\t\t\t\t\t<div class=\"e-con-inner\">\n\t\t<div class=\"elementor-element elementor-element-578490 e-con-full e-flex e-con e-child\" data-id=\"578490\" data-element_type=\"container\" data-e-type=\"container\">\n\t\t\t\t<div class=\"elementor-element elementor-element-51bca590 elementor-widget__width-initial elementor-widget elementor-widget-image\" data-id=\"51bca590\" data-element_type=\"widget\" data-e-type=\"widget\" data-widget_type=\"image.default\">\n\t\t\t\t<div class=\"elementor-widget-container\">\n\t\t\t\t\t\t\t\t\t\t\t\t\t\t\t<img fetchpriority=\"high\" decoding=\"async\" width=\"800\" height=\"450\" src=\"https:\/\/42wolfsburg.de\/wp-content\/uploads\/2023\/07\/shutterstock_1983321920-1-1024x576.jpg\" class=\"attachment-large size-large wp-image-2173\" alt=\"\" srcset=\"https:\/\/42wolfsburg.de\/wp-content\/uploads\/2023\/07\/shutterstock_1983321920-1-1024x576.jpg 1024w, https:\/\/42wolfsburg.de\/wp-content\/uploads\/2023\/07\/shutterstock_1983321920-1-300x169.jpg 300w, https:\/\/42wolfsburg.de\/wp-content\/uploads\/2023\/07\/shutterstock_1983321920-1-768x432.jpg 768w, https:\/\/42wolfsburg.de\/wp-content\/uploads\/2023\/07\/shutterstock_1983321920-1-1536x864.jpg 1536w, https:\/\/42wolfsburg.de\/wp-content\/uploads\/2023\/07\/shutterstock_1983321920-1-2048x1152.jpg 2048w\" sizes=\"(max-width: 800px) 100vw, 800px\" \/>\t\t\t\t\t\t\t\t\t\t\t\t\t\t\t<\/div>\n\t\t\t\t<\/div>\n\t\t\t\t<\/div>\n\t\t\t\t\t<\/div>\n\t\t\t\t<\/div>\n\t\t<div class=\"elementor-element elementor-element-1d4ac103 e-flex e-con-boxed e-con e-parent\" data-id=\"1d4ac103\" data-element_type=\"container\" data-e-type=\"container\">\n\t\t\t\t\t<div class=\"e-con-inner\">\n\t\t<div class=\"elementor-element elementor-element-4a8b9e28 e-con-full e-flex e-con e-child\" data-id=\"4a8b9e28\" data-element_type=\"container\" data-e-type=\"container\">\n\t\t\t\t<\/div>\n\t\t<div class=\"elementor-element elementor-element-169cd080 e-flex e-con-boxed e-con e-child\" data-id=\"169cd080\" data-element_type=\"container\" data-e-type=\"container\">\n\t\t\t\t\t<div class=\"e-con-inner\">\n\t\t\t\t<div class=\"elementor-element elementor-element-7c13ce77 elementor-widget elementor-widget-heading\" data-id=\"7c13ce77\" data-element_type=\"widget\" data-e-type=\"widget\" data-settings=\"{&quot;_animation_mobile&quot;:&quot;fadeInUp&quot;}\" data-widget_type=\"heading.default\">\n\t\t\t\t<div class=\"elementor-widget-container\">\n\t\t\t\t\t<h2 class=\"elementor-heading-title elementor-size-default\">Introducing 42 Mobility: <\/br>\nPioneering the Software-Driven Mobility Revolution<\/h2>\t\t\t\t<\/div>\n\t\t\t\t<\/div>\n\t\t\t\t<div class=\"elementor-element elementor-element-2271ab5f elementor-widget-mobile__width-initial elementor-widget elementor-widget-text-editor\" data-id=\"2271ab5f\" data-element_type=\"widget\" data-e-type=\"widget\" data-widget_type=\"text-editor.default\">\n\t\t\t\t<div class=\"elementor-widget-container\">\n\t\t\t\t\t\t\t\t\t<p><span style=\"font-weight: 400;\">In today\u2019s landscape of quick technological change, mobility is one of the areas of greatest transformative potential. We move towards an era where vehicles will not just run on electricity but even more on complex software. And where the need for software developers\u00a0 will grow exponentially. This is where \u201c42 Mobility\u201d takes center stage.<\/span><\/p><p><span style=\"font-weight: 400;\">Set to launch in early 2024,\u00a0<\/span><span style=\"font-weight: 400;\">42 Mobility<\/span><span style=\"font-weight: 400;\"> is more than just a new coding curriculum &#8211; it\u2019s a mission. Designed with precision by our team at 42 Wolfsburg, this advanced specialization program is not merely about teaching students to \u201ccode for mobility.\u201d It gives them the tools to make that code work outside of their computer &#8211;\u00a0 by bringing software and hardware together in our lab.<\/span><\/p><p><span style=\"font-weight: 400;\">Our approach transcends traditional boundaries. While coding itself is essential, we believe in the power of tangible, hands-on experiences. Our lab environment on campus &#8211; equipped with cutting-edge boards, sensors, and vehicle models powered by Jetson Nano mini computers -promises an immersive journey into the world of mobility software engineering.<\/span><\/p>\t\t\t\t\t\t\t\t<\/div>\n\t\t\t\t<\/div>\n\t\t\t\t<div class=\"elementor-element elementor-element-6e04a30 elementor-widget elementor-widget-image\" data-id=\"6e04a30\" data-element_type=\"widget\" data-e-type=\"widget\" data-widget_type=\"image.default\">\n\t\t\t\t<div class=\"elementor-widget-container\">\n\t\t\t\t\t\t\t\t\t\t\t\t\t\t\t<img decoding=\"async\" width=\"800\" height=\"601\" src=\"https:\/\/42wolfsburg.de\/wp-content\/uploads\/2023\/07\/p1030806-1-1024x769.jpg\" class=\"attachment-large size-large wp-image-2208\" alt=\"\" srcset=\"https:\/\/42wolfsburg.de\/wp-content\/uploads\/2023\/07\/p1030806-1-1024x769.jpg 1024w, https:\/\/42wolfsburg.de\/wp-content\/uploads\/2023\/07\/p1030806-1-300x225.jpg 300w, https:\/\/42wolfsburg.de\/wp-content\/uploads\/2023\/07\/p1030806-1-768x577.jpg 768w, https:\/\/42wolfsburg.de\/wp-content\/uploads\/2023\/07\/p1030806-1-1536x1153.jpg 1536w, https:\/\/42wolfsburg.de\/wp-content\/uploads\/2023\/07\/p1030806-1-2048x1538.jpg 2048w\" sizes=\"(max-width: 800px) 100vw, 800px\" \/>\t\t\t\t\t\t\t\t\t\t\t\t\t\t\t<\/div>\n\t\t\t\t<\/div>\n\t\t\t\t<div class=\"elementor-element elementor-element-83e7715 elementor-widget-mobile__width-initial elementor-widget elementor-widget-text-editor\" data-id=\"83e7715\" data-element_type=\"widget\" data-e-type=\"widget\" data-widget_type=\"text-editor.default\">\n\t\t\t\t<div class=\"elementor-widget-container\">\n\t\t\t\t\t\t\t\t\t<p><span style=\"font-weight: 400;\">Based in the heart of Wolfsburg &#8211; the European capital of mobility &#8211; our program offers a unique set of advantages. It\u2019s a gateway to job opportunities across a constantly widening field of companies starting to invest in software engineering for mobility. Wolfsburg stands as a testament to innovation in automotive software development, with industry giants such as Volkswagen and CARIAD leading the charge. <\/span><\/p>\n<div class=\"group w-full text-gray-800 dark:text-gray-100 border-b border-black\/10 dark:border-gray-900\/50 bg-gray-50 dark:bg-[#444654]\">\n<div class=\"flex p-4 gap-4 text-base md:gap-6 md:max-w-2xl lg:max-w-[38rem] xl:max-w-3xl md:py-6 lg:px-0 m-auto\">\n<div class=\"relative flex w-[calc(100%-50px)] flex-col gap-1 md:gap-3 lg:w-[calc(100%-115px)]\">\n<div class=\"flex flex-grow flex-col gap-3\">\n<div class=\"min-h-[20px] flex items-start overflow-x-auto whitespace-pre-wrap break-words flex-col gap-4\">\n<div class=\"markdown prose w-full break-words dark:prose-invert light\">\n<p>The entire region is teaming with suppliers transitioning from crafting traditional electronic components to collaboratively developing software-driven vehicles for the future. Moreover, companies like Microsoft and Red Hat are not just partners but are actively laying the foundation for future mobility solutions, reflecting their significant investments in this domain.<\/p>\n<\/div>\n<\/div>\n<\/div>\n<\/div>\n<\/div>\n<\/div>\n<p><span style=\"font-weight: 400;\">But this is not all yet. At 42 Mobility, we don\u2019t merely join the evolution of transportation\u2014we become catalysts in it. Envision a world where transportation isn\u2019t just a means but an experience &#8211; where autonomous vehicles, smart public transit, shared rides, bicycles, intelligent urban services, and apps that integrate them all come together to create a landscape of choice and connectivity. A world where mobility is democratized, ensuring everyone, regardless of age, ability, or geography, can partake in mobility services and choice. With the electrification wave and the defining role of software in shaping mobility, this isn\u2019t a distant dream &#8211; it is now becoming a reality.<\/span><\/p>\n<p><span style=\"font-weight: 400;\">By qualifying our students as mobility software engineers, we\u2019re not just setting them on a career path. We\u2019re giving them the tools to become co-drivers of a future where mobility is not just a convenience but a transformative force for society. And they will be among the early ones entering the field &#8211; thus benefiting from plenty of opportunities and options.<\/span><\/p>\n<p>Join us in this journey, for the road ahead is paved with endless possibilities.<\/p>\t\t\t\t\t\t\t\t<\/div>\n\t\t\t\t<\/div>\n\t\t\t\t\t<\/div>\n\t\t\t\t<\/div>\n\t\t<div class=\"elementor-element elementor-element-7752b6c3 e-con-full e-flex e-con e-child\" data-id=\"7752b6c3\" data-element_type=\"container\" data-e-type=\"container\">\n\t\t\t\t<\/div>\n\t\t\t\t\t<\/div>\n\t\t\t\t<\/div>\n\t\t<div class=\"elementor-element elementor-element-4f187190 e-flex e-con-boxed e-con e-parent\" data-id=\"4f187190\" data-element_type=\"container\" data-e-type=\"container\">\n\t\t\t\t\t<div class=\"e-con-inner\">\n\t\t<div class=\"elementor-element elementor-element-5f209429 elementor-hidden-mobile e-flex e-con-boxed e-con e-child\" data-id=\"5f209429\" data-element_type=\"container\" data-e-type=\"container\" data-settings=\"{&quot;background_background&quot;:&quot;classic&quot;}\">\n\t\t\t\t\t<div class=\"e-con-inner\">\n\t\t\t\t<div class=\"elementor-element elementor-element-624622de elementor-widget elementor-widget-heading\" data-id=\"624622de\" data-element_type=\"widget\" data-e-type=\"widget\" data-widget_type=\"heading.default\">\n\t\t\t\t<div class=\"elementor-widget-container\">\n\t\t\t\t\t<h2 class=\"elementor-heading-title elementor-size-default\">Bleib auf dem Laufenden...<\/h2>\t\t\t\t<\/div>\n\t\t\t\t<\/div>\n\t\t\t\t<div class=\"elementor-element elementor-element-4527c2e2 elementor-widget elementor-widget-text-editor\" data-id=\"4527c2e2\" data-element_type=\"widget\" data-e-type=\"widget\" data-widget_type=\"text-editor.default\">\n\t\t\t\t<div class=\"elementor-widget-container\">\n\t\t\t\t\t\t\t\t\tFolge uns auf Instagram f\u00fcr regelm\u00e4\u00dfige Updates!\t\t\t\t\t\t\t\t<\/div>\n\t\t\t\t<\/div>\n\t\t\t\t<div class=\"elementor-element elementor-element-1cce244a elementor-align-left elementor-mobile-align-left pink-img elementor-widget elementor-widget-button\" data-id=\"1cce244a\" data-element_type=\"widget\" data-e-type=\"widget\" data-widget_type=\"button.default\">\n\t\t\t\t<div class=\"elementor-widget-container\">\n\t\t\t\t\t\t\t\t\t<div class=\"elementor-button-wrapper\">\n\t\t\t\t\t<a class=\"elementor-button elementor-button-link elementor-size-sm\" href=\"https:\/\/www.instagram.com\/42wolfsburg\/\" target=\"_blank\">\n\t\t\t\t\t\t<span class=\"elementor-button-content-wrapper\">\n\t\t\t\t\t\t\t\t\t<span class=\"elementor-button-text\">Instagram<\/span>\n\t\t\t\t\t<\/span>\n\t\t\t\t\t<\/a>\n\t\t\t\t<\/div>\n\t\t\t\t\t\t\t\t<\/div>\n\t\t\t\t<\/div>\n\t\t\t\t\t<\/div>\n\t\t\t\t<\/div>\n\t\t<div class=\"elementor-element elementor-element-487e44f4 elementor-hidden-desktop elementor-hidden-tablet e-flex e-con-boxed e-con e-child\" data-id=\"487e44f4\" data-element_type=\"container\" data-e-type=\"container\">\n\t\t\t\t\t<div class=\"e-con-inner\">\n\t\t<div class=\"elementor-element elementor-element-168e652d e-con-full e-flex e-con e-child\" data-id=\"168e652d\" data-element_type=\"container\" data-e-type=\"container\" data-settings=\"{&quot;background_background&quot;:&quot;classic&quot;}\">\n\t\t\t\t<div class=\"elementor-element elementor-element-76836cd3 elementor-widget elementor-widget-image\" data-id=\"76836cd3\" data-element_type=\"widget\" data-e-type=\"widget\" data-widget_type=\"image.default\">\n\t\t\t\t<div class=\"elementor-widget-container\">\n\t\t\t\t\t\t\t\t\t\t\t\t\t\t\t<img decoding=\"async\" width=\"800\" height=\"401\" src=\"https:\/\/42wolfsburg.de\/wp-content\/uploads\/2023\/07\/Union-2-1024x513.png\" class=\"attachment-large size-large wp-image-994\" alt=\"\" srcset=\"https:\/\/42wolfsburg.de\/wp-content\/uploads\/2023\/07\/Union-2-1024x513.png 1024w, https:\/\/42wolfsburg.de\/wp-content\/uploads\/2023\/07\/Union-2-300x150.png 300w, https:\/\/42wolfsburg.de\/wp-content\/uploads\/2023\/07\/Union-2-768x385.png 768w, https:\/\/42wolfsburg.de\/wp-content\/uploads\/2023\/07\/Union-2.png 1115w\" sizes=\"(max-width: 800px) 100vw, 800px\" \/>\t\t\t\t\t\t\t\t\t\t\t\t\t\t\t<\/div>\n\t\t\t\t<\/div>\n\t\t\t\t<\/div>\n\t\t<div class=\"elementor-element elementor-element-6aeaa4cd e-flex e-con-boxed e-con e-child\" data-id=\"6aeaa4cd\" data-element_type=\"container\" data-e-type=\"container\" data-settings=\"{&quot;background_background&quot;:&quot;classic&quot;}\">\n\t\t\t\t\t<div class=\"e-con-inner\">\n\t\t\t\t<div class=\"elementor-element elementor-element-8042e8d elementor-widget elementor-widget-heading\" data-id=\"8042e8d\" data-element_type=\"widget\" data-e-type=\"widget\" data-settings=\"{&quot;_animation_mobile&quot;:&quot;fadeInUp&quot;}\" data-widget_type=\"heading.default\">\n\t\t\t\t<div class=\"elementor-widget-container\">\n\t\t\t\t\t<h2 class=\"elementor-heading-title elementor-size-default\">Bleib auf dem Laufenden...<\/h2>\t\t\t\t<\/div>\n\t\t\t\t<\/div>\n\t\t\t\t<div class=\"elementor-element elementor-element-a8917d5 elementor-widget elementor-widget-text-editor\" data-id=\"a8917d5\" data-element_type=\"widget\" data-e-type=\"widget\" data-widget_type=\"text-editor.default\">\n\t\t\t\t<div class=\"elementor-widget-container\">\n\t\t\t\t\t\t\t\t\tFolge uns auf Instagram f\u00fcr regelm\u00e4\u00dfige Updates!\t\t\t\t\t\t\t\t<\/div>\n\t\t\t\t<\/div>\n\t\t\t\t<div class=\"elementor-element elementor-element-43852338 elementor-align-left elementor-mobile-align-left pink-img elementor-widget elementor-widget-button\" data-id=\"43852338\" data-element_type=\"widget\" data-e-type=\"widget\" data-widget_type=\"button.default\">\n\t\t\t\t<div class=\"elementor-widget-container\">\n\t\t\t\t\t\t\t\t\t<div class=\"elementor-button-wrapper\">\n\t\t\t\t\t<a class=\"elementor-button elementor-button-link elementor-size-sm\" href=\"https:\/\/www.instagram.com\/42wolfsburg\/\" target=\"_blank\">\n\t\t\t\t\t\t<span class=\"elementor-button-content-wrapper\">\n\t\t\t\t\t\t\t\t\t<span class=\"elementor-button-text\">Instagram<\/span>\n\t\t\t\t\t<\/span>\n\t\t\t\t\t<\/a>\n\t\t\t\t<\/div>\n\t\t\t\t\t\t\t\t<\/div>\n\t\t\t\t<\/div>\n\t\t\t\t\t<\/div>\n\t\t\t\t<\/div>\n\t\t\t\t\t<\/div>\n\t\t\t\t<\/div>\n\t\t\t\t\t<\/div>\n\t\t\t\t<\/div>\n\t\t\t\t<\/div>","protected":false},"excerpt":{"rendered":"<p>Introducing 42 Mobility: Pioneering the Software-Driven Mobility Revolution In today\u2019s landscape of quick technological change, mobility is one of the areas of greatest transformative potential. We move towards an era where vehicles will not just run on electricity but even more on complex software. And where the need for software developers\u00a0 will grow exponentially. This [&hellip;]<\/p>","protected":false},"author":4,"featured_media":0,"parent":0,"menu_order":0,"comment_status":"closed","ping_status":"closed","template":"","meta":{"footnotes":""},"class_list":["post-2139","page","type-page","status-publish","hentry"],"yoast_head":"<!-- This site is optimized with the Yoast SEO plugin v26.3 - https:\/\/yoast.com\/wordpress\/plugins\/seo\/ -->\n<title>42 Mobility - 42 Wolfsburg<\/title>\n<meta name=\"robots\" content=\"index, follow, max-snippet:-1, max-image-preview:large, max-video-preview:-1\" \/>\n<link rel=\"canonical\" href=\"https:\/\/42wolfsburg.de\/de\/42-mobility\/\" \/>\n<meta property=\"og:locale\" content=\"de_DE\" \/>\n<meta property=\"og:type\" content=\"article\" \/>\n<meta property=\"og:title\" content=\"42 Mobility - 42 Wolfsburg\" \/>\n<meta property=\"og:description\" content=\"Introducing 42 Mobility: Pioneering the Software-Driven Mobility Revolution In today\u2019s landscape of quick technological change, mobility is one of the areas of greatest transformative potential. We move towards an era where vehicles will not just run on electricity but even more on complex software. And where the need for software developers\u00a0 will grow exponentially. This [&hellip;]\" \/>\n<meta property=\"og:url\" content=\"https:\/\/42wolfsburg.de\/de\/42-mobility\/\" \/>\n<meta property=\"og:site_name\" content=\"42 Wolfsburg\" \/>\n<meta property=\"article:modified_time\" content=\"2023-08-01T11:46:27+00:00\" \/>\n<meta property=\"og:image\" content=\"https:\/\/staging.42wolfsburg.de\/wp-content\/uploads\/2023\/07\/shutterstock_1983321920-1-1024x576.jpg\" \/>\n<meta name=\"twitter:card\" content=\"summary_large_image\" \/>\n<meta name=\"twitter:label1\" content=\"Gesch\u00e4tzte Lesezeit\" \/>\n\t<meta name=\"twitter:data1\" content=\"3\u00a0Minuten\" \/>\n<script type=\"application\/ld+json\" class=\"yoast-schema-graph\">{\"@context\":\"https:\/\/schema.org\",\"@graph\":[{\"@type\":\"WebPage\",\"@id\":\"https:\/\/42wolfsburg.de\/42-mobility\/\",\"url\":\"https:\/\/42wolfsburg.de\/42-mobility\/\",\"name\":\"42 Mobility - 42 Wolfsburg\",\"isPartOf\":{\"@id\":\"https:\/\/42wolfsburg.de\/#website\"},\"primaryImageOfPage\":{\"@id\":\"https:\/\/42wolfsburg.de\/42-mobility\/#primaryimage\"},\"image\":{\"@id\":\"https:\/\/42wolfsburg.de\/42-mobility\/#primaryimage\"},\"thumbnailUrl\":\"https:\/\/staging.42wolfsburg.de\/wp-content\/uploads\/2023\/07\/shutterstock_1983321920-1-1024x576.jpg\",\"datePublished\":\"2023-07-27T08:33:28+00:00\",\"dateModified\":\"2023-08-01T11:46:27+00:00\",\"breadcrumb\":{\"@id\":\"https:\/\/42wolfsburg.de\/42-mobility\/#breadcrumb\"},\"inLanguage\":\"de\",\"potentialAction\":[{\"@type\":\"ReadAction\",\"target\":[\"https:\/\/42wolfsburg.de\/42-mobility\/\"]}]},{\"@type\":\"ImageObject\",\"inLanguage\":\"de\",\"@id\":\"https:\/\/42wolfsburg.de\/42-mobility\/#primaryimage\",\"url\":\"https:\/\/staging.42wolfsburg.de\/wp-content\/uploads\/2023\/07\/shutterstock_1983321920-1-1024x576.jpg\",\"contentUrl\":\"https:\/\/staging.42wolfsburg.de\/wp-content\/uploads\/2023\/07\/shutterstock_1983321920-1-1024x576.jpg\"},{\"@type\":\"BreadcrumbList\",\"@id\":\"https:\/\/42wolfsburg.de\/42-mobility\/#breadcrumb\",\"itemListElement\":[{\"@type\":\"ListItem\",\"position\":1,\"name\":\"Home\",\"item\":\"https:\/\/42wolfsburg.de\/\"},{\"@type\":\"ListItem\",\"position\":2,\"name\":\"42 Mobility\"}]},{\"@type\":\"WebSite\",\"@id\":\"https:\/\/42wolfsburg.de\/#website\",\"url\":\"https:\/\/42wolfsburg.de\/\",\"name\":\"42 Wolfsburg\",\"description\":\"Coding School\",\"publisher\":{\"@id\":\"https:\/\/42wolfsburg.de\/#organization\"},\"potentialAction\":[{\"@type\":\"SearchAction\",\"target\":{\"@type\":\"EntryPoint\",\"urlTemplate\":\"https:\/\/42wolfsburg.de\/?s={search_term_string}\"},\"query-input\":{\"@type\":\"PropertyValueSpecification\",\"valueRequired\":true,\"valueName\":\"search_term_string\"}}],\"inLanguage\":\"de\"},{\"@type\":\"Organization\",\"@id\":\"https:\/\/42wolfsburg.de\/#organization\",\"name\":\"42 Wolfsburg\",\"url\":\"https:\/\/42wolfsburg.de\/\",\"logo\":{\"@type\":\"ImageObject\",\"inLanguage\":\"de\",\"@id\":\"https:\/\/42wolfsburg.de\/#\/schema\/logo\/image\/\",\"url\":\"https:\/\/42wolfsburg.de\/wp-content\/uploads\/2024\/08\/42Wolfsburg_Logo_ver_pos_black_RGB.png\",\"contentUrl\":\"https:\/\/42wolfsburg.de\/wp-content\/uploads\/2024\/08\/42Wolfsburg_Logo_ver_pos_black_RGB.png\",\"width\":591,\"height\":591,\"caption\":\"42 Wolfsburg\"},\"image\":{\"@id\":\"https:\/\/42wolfsburg.de\/#\/schema\/logo\/image\/\"}}]}<\/script>\n<!-- \/ Yoast SEO plugin. -->","yoast_head_json":{"title":"42 Mobility - 42 Wolfsburg","robots":{"index":"index","follow":"follow","max-snippet":"max-snippet:-1","max-image-preview":"max-image-preview:large","max-video-preview":"max-video-preview:-1"},"canonical":"https:\/\/42wolfsburg.de\/de\/42-mobility\/","og_locale":"de_DE","og_type":"article","og_title":"42 Mobility - 42 Wolfsburg","og_description":"Introducing 42 Mobility: Pioneering the Software-Driven Mobility Revolution In today\u2019s landscape of quick technological change, mobility is one of the areas of greatest transformative potential. We move towards an era where vehicles will not just run on electricity but even more on complex software. And where the need for software developers\u00a0 will grow exponentially. This [&hellip;]","og_url":"https:\/\/42wolfsburg.de\/de\/42-mobility\/","og_site_name":"42 Wolfsburg","article_modified_time":"2023-08-01T11:46:27+00:00","og_image":[{"url":"https:\/\/staging.42wolfsburg.de\/wp-content\/uploads\/2023\/07\/shutterstock_1983321920-1-1024x576.jpg","type":"","width":"","height":""}],"twitter_card":"summary_large_image","twitter_misc":{"Gesch\u00e4tzte Lesezeit":"3\u00a0Minuten"},"schema":{"@context":"https:\/\/schema.org","@graph":[{"@type":"WebPage","@id":"https:\/\/42wolfsburg.de\/42-mobility\/","url":"https:\/\/42wolfsburg.de\/42-mobility\/","name":"42 Mobility - 42 Wolfsburg","isPartOf":{"@id":"https:\/\/42wolfsburg.de\/#website"},"primaryImageOfPage":{"@id":"https:\/\/42wolfsburg.de\/42-mobility\/#primaryimage"},"image":{"@id":"https:\/\/42wolfsburg.de\/42-mobility\/#primaryimage"},"thumbnailUrl":"https:\/\/staging.42wolfsburg.de\/wp-content\/uploads\/2023\/07\/shutterstock_1983321920-1-1024x576.jpg","datePublished":"2023-07-27T08:33:28+00:00","dateModified":"2023-08-01T11:46:27+00:00","breadcrumb":{"@id":"https:\/\/42wolfsburg.de\/42-mobility\/#breadcrumb"},"inLanguage":"de","potentialAction":[{"@type":"ReadAction","target":["https:\/\/42wolfsburg.de\/42-mobility\/"]}]},{"@type":"ImageObject","inLanguage":"de","@id":"https:\/\/42wolfsburg.de\/42-mobility\/#primaryimage","url":"https:\/\/staging.42wolfsburg.de\/wp-content\/uploads\/2023\/07\/shutterstock_1983321920-1-1024x576.jpg","contentUrl":"https:\/\/staging.42wolfsburg.de\/wp-content\/uploads\/2023\/07\/shutterstock_1983321920-1-1024x576.jpg"},{"@type":"BreadcrumbList","@id":"https:\/\/42wolfsburg.de\/42-mobility\/#breadcrumb","itemListElement":[{"@type":"ListItem","position":1,"name":"Home","item":"https:\/\/42wolfsburg.de\/"},{"@type":"ListItem","position":2,"name":"42 Mobility"}]},{"@type":"WebSite","@id":"https:\/\/42wolfsburg.de\/#website","url":"https:\/\/42wolfsburg.de\/","name":"42 Wolfsburg","description":"Coding School","publisher":{"@id":"https:\/\/42wolfsburg.de\/#organization"},"potentialAction":[{"@type":"SearchAction","target":{"@type":"EntryPoint","urlTemplate":"https:\/\/42wolfsburg.de\/?s={search_term_string}"},"query-input":{"@type":"PropertyValueSpecification","valueRequired":true,"valueName":"search_term_string"}}],"inLanguage":"de"},{"@type":"Organization","@id":"https:\/\/42wolfsburg.de\/#organization","name":"42 Wolfsburg","url":"https:\/\/42wolfsburg.de\/","logo":{"@type":"ImageObject","inLanguage":"de","@id":"https:\/\/42wolfsburg.de\/#\/schema\/logo\/image\/","url":"https:\/\/42wolfsburg.de\/wp-content\/uploads\/2024\/08\/42Wolfsburg_Logo_ver_pos_black_RGB.png","contentUrl":"https:\/\/42wolfsburg.de\/wp-content\/uploads\/2024\/08\/42Wolfsburg_Logo_ver_pos_black_RGB.png","width":591,"height":591,"caption":"42 Wolfsburg"},"image":{"@id":"https:\/\/42wolfsburg.de\/#\/schema\/logo\/image\/"}}]}},"_links":{"self":[{"href":"https:\/\/42wolfsburg.de\/de\/wp-json\/wp\/v2\/pages\/2139","targetHints":{"allow":["GET"]}}],"collection":[{"href":"https:\/\/42wolfsburg.de\/de\/wp-json\/wp\/v2\/pages"}],"about":[{"href":"https:\/\/42wolfsburg.de\/de\/wp-json\/wp\/v2\/types\/page"}],"author":[{"embeddable":true,"href":"https:\/\/42wolfsburg.de\/de\/wp-json\/wp\/v2\/users\/4"}],"replies":[{"embeddable":true,"href":"https:\/\/42wolfsburg.de\/de\/wp-json\/wp\/v2\/comments?post=2139"}],"version-history":[{"count":0,"href":"https:\/\/42wolfsburg.de\/de\/wp-json\/wp\/v2\/pages\/2139\/revisions"}],"wp:attachment":[{"href":"https:\/\/42wolfsburg.de\/de\/wp-json\/wp\/v2\/media?parent=2139"}],"curies":[{"name":"wp","href":"https:\/\/api.w.org\/{rel}","templated":true}]}}