{"id":3482,"date":"2023-12-06T15:27:03","date_gmt":"2023-12-06T15:27:03","guid":{"rendered":"https:\/\/42wolfsburg.de\/?page_id=3482"},"modified":"2026-04-07T08:48:38","modified_gmt":"2026-04-07T08:48:38","slug":"shaping-careers-tsystems","status":"publish","type":"page","link":"https:\/\/42wolfsburg.de\/de\/shaping-careers-tsystems\/","title":{"rendered":"Shaping Careers Together"},"content":{"rendered":"<div data-elementor-type=\"wp-page\" data-elementor-id=\"3482\" class=\"elementor elementor-3482\" data-elementor-post-type=\"page\">\n\t\t\t\t<div class=\"elementor-element elementor-element-4984ce5e e-flex e-con-boxed e-con e-parent\" data-id=\"4984ce5e\" data-element_type=\"container\" data-e-type=\"container\">\n\t\t\t\t\t<div class=\"e-con-inner\">\n\t\t<div class=\"elementor-element elementor-element-578490 e-con-full e-flex e-con e-child\" data-id=\"578490\" data-element_type=\"container\" data-e-type=\"container\">\n\t\t\t\t<div class=\"elementor-element elementor-element-51bca590 elementor-widget__width-initial elementor-widget elementor-widget-image\" data-id=\"51bca590\" data-element_type=\"widget\" data-e-type=\"widget\" data-widget_type=\"image.default\">\n\t\t\t\t<div class=\"elementor-widget-container\">\n\t\t\t\t\t\t\t\t\t\t\t\t\t\t\t<img fetchpriority=\"high\" decoding=\"async\" width=\"2878\" height=\"1618\" src=\"https:\/\/42wolfsburg.de\/wp-content\/uploads\/2023\/12\/Screenshot-2023-12-06-at-151752.png\" class=\"attachment-full size-full wp-image-3484\" alt=\"\" srcset=\"https:\/\/42wolfsburg.de\/wp-content\/uploads\/2023\/12\/Screenshot-2023-12-06-at-151752.png 2878w, https:\/\/42wolfsburg.de\/wp-content\/uploads\/2023\/12\/Screenshot-2023-12-06-at-151752-300x169.png 300w, https:\/\/42wolfsburg.de\/wp-content\/uploads\/2023\/12\/Screenshot-2023-12-06-at-151752-1024x576.png 1024w, https:\/\/42wolfsburg.de\/wp-content\/uploads\/2023\/12\/Screenshot-2023-12-06-at-151752-768x432.png 768w, https:\/\/42wolfsburg.de\/wp-content\/uploads\/2023\/12\/Screenshot-2023-12-06-at-151752-1536x864.png 1536w, https:\/\/42wolfsburg.de\/wp-content\/uploads\/2023\/12\/Screenshot-2023-12-06-at-151752-2048x1151.png 2048w, https:\/\/42wolfsburg.de\/wp-content\/uploads\/2023\/12\/Screenshot-2023-12-06-at-151752-18x10.png 18w\" sizes=\"(max-width: 2878px) 100vw, 2878px\" \/>\t\t\t\t\t\t\t\t\t\t\t\t\t\t\t<\/div>\n\t\t\t\t<\/div>\n\t\t\t\t<\/div>\n\t\t\t\t\t<\/div>\n\t\t\t\t<\/div>\n\t\t<div class=\"elementor-element elementor-element-1d4ac103 e-flex e-con-boxed e-con e-parent\" data-id=\"1d4ac103\" data-element_type=\"container\" data-e-type=\"container\">\n\t\t\t\t\t<div class=\"e-con-inner\">\n\t\t<div class=\"elementor-element elementor-element-4a8b9e28 e-con-full e-flex e-con e-child\" data-id=\"4a8b9e28\" data-element_type=\"container\" data-e-type=\"container\">\n\t\t\t\t<\/div>\n\t\t<div class=\"elementor-element elementor-element-169cd080 e-flex e-con-boxed e-con e-child\" data-id=\"169cd080\" data-element_type=\"container\" data-e-type=\"container\">\n\t\t\t\t\t<div class=\"e-con-inner\">\n\t\t\t\t<div class=\"elementor-element elementor-element-7c13ce77 elementor-widget elementor-widget-heading\" data-id=\"7c13ce77\" data-element_type=\"widget\" data-e-type=\"widget\" data-settings=\"{&quot;_animation_mobile&quot;:&quot;fadeInUp&quot;}\" data-widget_type=\"heading.default\">\n\t\t\t\t<div class=\"elementor-widget-container\">\n\t\t\t\t\t<h2 class=\"elementor-heading-title elementor-size-default\">Shaping Careers Together: <\/br> 42 Wolfsburg and T-Systems  \ud83e\udd1d\n<\/h2>\t\t\t\t<\/div>\n\t\t\t\t<\/div>\n\t\t\t\t<div class=\"elementor-element elementor-element-2271ab5f elementor-widget-mobile__width-initial elementor-widget elementor-widget-text-editor\" data-id=\"2271ab5f\" data-element_type=\"widget\" data-e-type=\"widget\" data-widget_type=\"text-editor.default\">\n\t\t\t\t<div class=\"elementor-widget-container\">\n\t\t\t\t\t\t\t\t\t<p><span style=\"font-weight: 400;\">At 42 Wolfsburg, we&#8217;re proud to share the progress of our former students, Madis and Michail, who have evolved from interns to integral members of the T-Systems tech team. Their journey reflects more than just a career milestone; it underscores the relevance of our unique educational approach in addressing the real-world needs of the tech industry.<\/span><\/p><p><span style=\"font-weight: 400;\">Our unique peer-to-peer learning approach at 42 Wolfsburg equips students with more than just coding skills; it fosters <\/span><b>adaptability<\/b><span style=\"font-weight: 400;\">, <\/span><b>problem-solving<\/b><span style=\"font-weight: 400;\">, and <\/span><b>collaboration<\/b><span style=\"font-weight: 400;\">. These qualities shone through during their internship with T-Systems&#8217; Connected Mobility Team, culminating in permanent positions. This outcome underscores the synergy between our practical, hands-on learning style and T-Systems&#8217; forward-thinking work environment.<\/span><\/p><p><span style=\"font-weight: 400;\">In this video, hear directly from Madis and Michail, two former 42 Wolfsburg students, as they share their experiences transitioning to roles at T-Systems.<\/span><\/p>\t\t\t\t\t\t\t\t<\/div>\n\t\t\t\t<\/div>\n\t\t\t\t<div class=\"elementor-element elementor-element-7c107ef elementor-widget elementor-widget-video\" data-id=\"7c107ef\" data-element_type=\"widget\" data-e-type=\"widget\" data-settings=\"{&quot;video_type&quot;:&quot;hosted&quot;,&quot;controls&quot;:&quot;yes&quot;}\" data-widget_type=\"video.default\">\n\t\t\t\t<div class=\"elementor-widget-container\">\n\t\t\t\t\t\t\t<div class=\"e-hosted-video elementor-wrapper elementor-open-inline\">\n\t\t\t\t\t<video class=\"elementor-video\" src=\"https:\/\/42wolfsburg.de\/wp-content\/uploads\/2023\/12\/24_codingschool42_dt_UT_230831.mp4\" controls=\"\" preload=\"metadata\" controlslist=\"nodownload\" poster=\"https:\/\/42wolfsburg.de\/wp-content\/uploads\/2023\/12\/Screenshot-2023-12-06-at-164559.png\"><\/video>\n\t\t\t\t<\/div>\n\t\t\t\t\t\t<\/div>\n\t\t\t\t<\/div>\n\t\t\t\t<div class=\"elementor-element elementor-element-5a50c4f elementor-widget-mobile__width-initial elementor-widget elementor-widget-text-editor\" data-id=\"5a50c4f\" data-element_type=\"widget\" data-e-type=\"widget\" data-widget_type=\"text-editor.default\">\n\t\t\t\t<div class=\"elementor-widget-container\">\n\t\t\t\t\t\t\t\t\t<h4><strong><br \/>Beyond Internship: A Future-Focused Alliance<\/strong><\/h4><p><span style=\"font-weight: 400;\">The &#8217;42 Fellows&#8217; program at T-Systems deserves a special mention. It&#8217;s where tech expertise meets nurturing mentorship. This program has been instrumental in bridging the gap between academic knowledge and practical application, allowing talents like Madis and Michail to unleash their full potential.<\/span><\/p><p><b>This partnership between 42 Wolfsburg and T-Systems is a testament to our<\/b> <b>commitment to nurturing future tech leaders.<\/b><span style=\"font-weight: 400;\"> We&#8217;re proud to be at the forefront of this dynamic collaboration, blending education and industry expertise to shape a forward-thinking, technology-driven future.<\/span><\/p><p>Interested in carving your own path in the tech world, just like Madis and Michail? <strong><a href=\"http:\/\/42wolfsburg.de\/de\/apply_now\/\" target=\"_blank\" rel=\"noopener\">Apply now<\/a><\/strong> and discover if 42 Wolfsburg is the right fit for you.\u200b<\/p>\t\t\t\t\t\t\t\t<\/div>\n\t\t\t\t<\/div>\n\t\t\t\t\t<\/div>\n\t\t\t\t<\/div>\n\t\t<div class=\"elementor-element elementor-element-7752b6c3 e-con-full e-flex e-con e-child\" data-id=\"7752b6c3\" data-element_type=\"container\" data-e-type=\"container\">\n\t\t\t\t<\/div>\n\t\t\t\t\t<\/div>\n\t\t\t\t<\/div>\n\t\t<div class=\"elementor-element elementor-element-4f187190 e-flex e-con-boxed e-con e-parent\" data-id=\"4f187190\" data-element_type=\"container\" data-e-type=\"container\">\n\t\t\t\t\t<div class=\"e-con-inner\">\n\t\t<div class=\"elementor-element elementor-element-5f209429 elementor-hidden-mobile e-flex e-con-boxed e-con e-child\" data-id=\"5f209429\" data-element_type=\"container\" data-e-type=\"container\" data-settings=\"{&quot;background_background&quot;:&quot;classic&quot;}\">\n\t\t\t\t\t<div class=\"e-con-inner\">\n\t\t\t\t<div class=\"elementor-element elementor-element-624622de elementor-widget elementor-widget-heading\" data-id=\"624622de\" data-element_type=\"widget\" data-e-type=\"widget\" data-widget_type=\"heading.default\">\n\t\t\t\t<div class=\"elementor-widget-container\">\n\t\t\t\t\t<h2 class=\"elementor-heading-title elementor-size-default\">Bleib auf dem Laufenden...<\/h2>\t\t\t\t<\/div>\n\t\t\t\t<\/div>\n\t\t\t\t<div class=\"elementor-element elementor-element-4527c2e2 elementor-widget elementor-widget-text-editor\" data-id=\"4527c2e2\" data-element_type=\"widget\" data-e-type=\"widget\" data-widget_type=\"text-editor.default\">\n\t\t\t\t<div class=\"elementor-widget-container\">\n\t\t\t\t\t\t\t\t\tFolge uns auf Instagram f\u00fcr regelm\u00e4\u00dfige Updates!\t\t\t\t\t\t\t\t<\/div>\n\t\t\t\t<\/div>\n\t\t\t\t<div class=\"elementor-element elementor-element-1cce244a elementor-align-left elementor-mobile-align-left pink-img elementor-widget elementor-widget-button\" data-id=\"1cce244a\" data-element_type=\"widget\" data-e-type=\"widget\" data-widget_type=\"button.default\">\n\t\t\t\t<div class=\"elementor-widget-container\">\n\t\t\t\t\t\t\t\t\t<div class=\"elementor-button-wrapper\">\n\t\t\t\t\t<a class=\"elementor-button elementor-button-link elementor-size-sm\" href=\"https:\/\/www.instagram.com\/42wolfsburg\/\" target=\"_blank\">\n\t\t\t\t\t\t<span class=\"elementor-button-content-wrapper\">\n\t\t\t\t\t\t\t\t\t<span class=\"elementor-button-text\">Instagram<\/span>\n\t\t\t\t\t<\/span>\n\t\t\t\t\t<\/a>\n\t\t\t\t<\/div>\n\t\t\t\t\t\t\t\t<\/div>\n\t\t\t\t<\/div>\n\t\t\t\t\t<\/div>\n\t\t\t\t<\/div>\n\t\t<div class=\"elementor-element elementor-element-487e44f4 elementor-hidden-desktop elementor-hidden-tablet e-flex e-con-boxed e-con e-child\" data-id=\"487e44f4\" data-element_type=\"container\" data-e-type=\"container\">\n\t\t\t\t\t<div class=\"e-con-inner\">\n\t\t<div class=\"elementor-element elementor-element-168e652d e-con-full e-flex e-con e-child\" data-id=\"168e652d\" data-element_type=\"container\" data-e-type=\"container\" data-settings=\"{&quot;background_background&quot;:&quot;classic&quot;}\">\n\t\t\t\t<div class=\"elementor-element elementor-element-76836cd3 elementor-widget elementor-widget-image\" data-id=\"76836cd3\" data-element_type=\"widget\" data-e-type=\"widget\" data-widget_type=\"image.default\">\n\t\t\t\t<div class=\"elementor-widget-container\">\n\t\t\t\t\t\t\t\t\t\t\t\t\t\t\t<img decoding=\"async\" width=\"800\" height=\"401\" src=\"https:\/\/42wolfsburg.de\/wp-content\/uploads\/2023\/07\/Union-2-1024x513.png\" class=\"attachment-large size-large wp-image-994\" alt=\"\" srcset=\"https:\/\/42wolfsburg.de\/wp-content\/uploads\/2023\/07\/Union-2-1024x513.png 1024w, https:\/\/42wolfsburg.de\/wp-content\/uploads\/2023\/07\/Union-2-300x150.png 300w, https:\/\/42wolfsburg.de\/wp-content\/uploads\/2023\/07\/Union-2-768x385.png 768w, https:\/\/42wolfsburg.de\/wp-content\/uploads\/2023\/07\/Union-2.png 1115w\" sizes=\"(max-width: 800px) 100vw, 800px\" \/>\t\t\t\t\t\t\t\t\t\t\t\t\t\t\t<\/div>\n\t\t\t\t<\/div>\n\t\t\t\t<\/div>\n\t\t<div class=\"elementor-element elementor-element-6aeaa4cd e-flex e-con-boxed e-con e-child\" data-id=\"6aeaa4cd\" data-element_type=\"container\" data-e-type=\"container\" data-settings=\"{&quot;background_background&quot;:&quot;classic&quot;}\">\n\t\t\t\t\t<div class=\"e-con-inner\">\n\t\t\t\t<div class=\"elementor-element elementor-element-8042e8d elementor-widget elementor-widget-heading\" data-id=\"8042e8d\" data-element_type=\"widget\" data-e-type=\"widget\" data-settings=\"{&quot;_animation_mobile&quot;:&quot;fadeInUp&quot;}\" data-widget_type=\"heading.default\">\n\t\t\t\t<div class=\"elementor-widget-container\">\n\t\t\t\t\t<h2 class=\"elementor-heading-title elementor-size-default\">Bleib auf dem Laufenden...<\/h2>\t\t\t\t<\/div>\n\t\t\t\t<\/div>\n\t\t\t\t<div class=\"elementor-element elementor-element-a8917d5 elementor-widget elementor-widget-text-editor\" data-id=\"a8917d5\" data-element_type=\"widget\" data-e-type=\"widget\" data-widget_type=\"text-editor.default\">\n\t\t\t\t<div class=\"elementor-widget-container\">\n\t\t\t\t\t\t\t\t\tFolge uns auf Instagram f\u00fcr regelm\u00e4\u00dfige Updates!\t\t\t\t\t\t\t\t<\/div>\n\t\t\t\t<\/div>\n\t\t\t\t<div class=\"elementor-element elementor-element-43852338 elementor-align-left elementor-mobile-align-left pink-img elementor-widget elementor-widget-button\" data-id=\"43852338\" data-element_type=\"widget\" data-e-type=\"widget\" data-widget_type=\"button.default\">\n\t\t\t\t<div class=\"elementor-widget-container\">\n\t\t\t\t\t\t\t\t\t<div class=\"elementor-button-wrapper\">\n\t\t\t\t\t<a class=\"elementor-button elementor-button-link elementor-size-sm\" href=\"https:\/\/www.instagram.com\/42wolfsburg\/\" target=\"_blank\">\n\t\t\t\t\t\t<span class=\"elementor-button-content-wrapper\">\n\t\t\t\t\t\t\t\t\t<span class=\"elementor-button-text\">Instagram<\/span>\n\t\t\t\t\t<\/span>\n\t\t\t\t\t<\/a>\n\t\t\t\t<\/div>\n\t\t\t\t\t\t\t\t<\/div>\n\t\t\t\t<\/div>\n\t\t\t\t\t<\/div>\n\t\t\t\t<\/div>\n\t\t\t\t\t<\/div>\n\t\t\t\t<\/div>\n\t\t\t\t\t<\/div>\n\t\t\t\t<\/div>\n\t\t\t\t<\/div>","protected":false},"excerpt":{"rendered":"<p>Shaping Careers Together: 42 Wolfsburg and T-Systems \ud83e\udd1d At 42 Wolfsburg, we&#8217;re proud to share the progress of our former students, Madis and Michail, who have evolved from interns to integral members of the T-Systems tech team. Their journey reflects more than just a career milestone; it underscores the relevance of our unique educational approach [&hellip;]<\/p>","protected":false},"author":4,"featured_media":0,"parent":0,"menu_order":0,"comment_status":"closed","ping_status":"closed","template":"","meta":{"footnotes":""},"class_list":["post-3482","page","type-page","status-publish","hentry"],"yoast_head":"<!-- This site is optimized with the Yoast SEO plugin v26.3 - https:\/\/yoast.com\/wordpress\/plugins\/seo\/ -->\n<title>Shaping Careers Together - 42 Wolfsburg<\/title>\n<meta name=\"robots\" content=\"index, follow, max-snippet:-1, max-image-preview:large, max-video-preview:-1\" \/>\n<link rel=\"canonical\" href=\"https:\/\/42wolfsburg.de\/de\/shaping-careers-tsystems\/\" \/>\n<meta property=\"og:locale\" content=\"de_DE\" \/>\n<meta property=\"og:type\" content=\"article\" \/>\n<meta property=\"og:title\" content=\"Shaping Careers Together - 42 Wolfsburg\" \/>\n<meta property=\"og:description\" content=\"Shaping Careers Together: 42 Wolfsburg and T-Systems \ud83e\udd1d At 42 Wolfsburg, we&#8217;re proud to share the progress of our former students, Madis and Michail, who have evolved from interns to integral members of the T-Systems tech team. Their journey reflects more than just a career milestone; it underscores the relevance of our unique educational approach [&hellip;]\" \/>\n<meta property=\"og:url\" content=\"https:\/\/42wolfsburg.de\/de\/shaping-careers-tsystems\/\" \/>\n<meta property=\"og:site_name\" content=\"42 Wolfsburg\" \/>\n<meta property=\"article:modified_time\" content=\"2026-04-07T08:48:38+00:00\" \/>\n<meta property=\"og:image\" content=\"https:\/\/42wolfsburg.de\/wp-content\/uploads\/2023\/12\/Screenshot-2023-12-06-at-151752-1024x576.png\" \/>\n\t<meta property=\"og:image:width\" content=\"1024\" \/>\n\t<meta property=\"og:image:height\" content=\"576\" \/>\n\t<meta property=\"og:image:type\" content=\"image\/png\" \/>\n<meta name=\"twitter:card\" content=\"summary_large_image\" \/>\n<meta name=\"twitter:label1\" content=\"Gesch\u00e4tzte Lesezeit\" \/>\n\t<meta name=\"twitter:data1\" content=\"2\u00a0Minuten\" \/>\n<script type=\"application\/ld+json\" class=\"yoast-schema-graph\">{\"@context\":\"https:\/\/schema.org\",\"@graph\":[{\"@type\":\"WebPage\",\"@id\":\"https:\/\/42wolfsburg.de\/shaping-careers-tsystems\/\",\"url\":\"https:\/\/42wolfsburg.de\/shaping-careers-tsystems\/\",\"name\":\"Shaping Careers Together - 42 Wolfsburg\",\"isPartOf\":{\"@id\":\"https:\/\/42wolfsburg.de\/#website\"},\"primaryImageOfPage\":{\"@id\":\"https:\/\/42wolfsburg.de\/shaping-careers-tsystems\/#primaryimage\"},\"image\":{\"@id\":\"https:\/\/42wolfsburg.de\/shaping-careers-tsystems\/#primaryimage\"},\"thumbnailUrl\":\"https:\/\/42wolfsburg.de\/wp-content\/uploads\/2023\/12\/Screenshot-2023-12-06-at-151752.png\",\"datePublished\":\"2023-12-06T15:27:03+00:00\",\"dateModified\":\"2026-04-07T08:48:38+00:00\",\"breadcrumb\":{\"@id\":\"https:\/\/42wolfsburg.de\/shaping-careers-tsystems\/#breadcrumb\"},\"inLanguage\":\"de\",\"potentialAction\":[{\"@type\":\"ReadAction\",\"target\":[\"https:\/\/42wolfsburg.de\/shaping-careers-tsystems\/\"]}]},{\"@type\":\"ImageObject\",\"inLanguage\":\"de\",\"@id\":\"https:\/\/42wolfsburg.de\/shaping-careers-tsystems\/#primaryimage\",\"url\":\"https:\/\/42wolfsburg.de\/wp-content\/uploads\/2023\/12\/Screenshot-2023-12-06-at-151752.png\",\"contentUrl\":\"https:\/\/42wolfsburg.de\/wp-content\/uploads\/2023\/12\/Screenshot-2023-12-06-at-151752.png\"},{\"@type\":\"BreadcrumbList\",\"@id\":\"https:\/\/42wolfsburg.de\/shaping-careers-tsystems\/#breadcrumb\",\"itemListElement\":[{\"@type\":\"ListItem\",\"position\":1,\"name\":\"Home\",\"item\":\"https:\/\/42wolfsburg.de\/\"},{\"@type\":\"ListItem\",\"position\":2,\"name\":\"Shaping Careers Together\"}]},{\"@type\":\"WebSite\",\"@id\":\"https:\/\/42wolfsburg.de\/#website\",\"url\":\"https:\/\/42wolfsburg.de\/\",\"name\":\"42 Wolfsburg\",\"description\":\"Coding School\",\"publisher\":{\"@id\":\"https:\/\/42wolfsburg.de\/#organization\"},\"potentialAction\":[{\"@type\":\"SearchAction\",\"target\":{\"@type\":\"EntryPoint\",\"urlTemplate\":\"https:\/\/42wolfsburg.de\/?s={search_term_string}\"},\"query-input\":{\"@type\":\"PropertyValueSpecification\",\"valueRequired\":true,\"valueName\":\"search_term_string\"}}],\"inLanguage\":\"de\"},{\"@type\":\"Organization\",\"@id\":\"https:\/\/42wolfsburg.de\/#organization\",\"name\":\"42 Wolfsburg\",\"url\":\"https:\/\/42wolfsburg.de\/\",\"logo\":{\"@type\":\"ImageObject\",\"inLanguage\":\"de\",\"@id\":\"https:\/\/42wolfsburg.de\/#\/schema\/logo\/image\/\",\"url\":\"https:\/\/42wolfsburg.de\/wp-content\/uploads\/2024\/08\/42Wolfsburg_Logo_ver_pos_black_RGB.png\",\"contentUrl\":\"https:\/\/42wolfsburg.de\/wp-content\/uploads\/2024\/08\/42Wolfsburg_Logo_ver_pos_black_RGB.png\",\"width\":591,\"height\":591,\"caption\":\"42 Wolfsburg\"},\"image\":{\"@id\":\"https:\/\/42wolfsburg.de\/#\/schema\/logo\/image\/\"}}]}<\/script>\n<!-- \/ Yoast SEO plugin. -->","yoast_head_json":{"title":"Shaping Careers Together - 42 Wolfsburg","robots":{"index":"index","follow":"follow","max-snippet":"max-snippet:-1","max-image-preview":"max-image-preview:large","max-video-preview":"max-video-preview:-1"},"canonical":"https:\/\/42wolfsburg.de\/de\/shaping-careers-tsystems\/","og_locale":"de_DE","og_type":"article","og_title":"Shaping Careers Together - 42 Wolfsburg","og_description":"Shaping Careers Together: 42 Wolfsburg and T-Systems \ud83e\udd1d At 42 Wolfsburg, we&#8217;re proud to share the progress of our former students, Madis and Michail, who have evolved from interns to integral members of the T-Systems tech team. Their journey reflects more than just a career milestone; it underscores the relevance of our unique educational approach [&hellip;]","og_url":"https:\/\/42wolfsburg.de\/de\/shaping-careers-tsystems\/","og_site_name":"42 Wolfsburg","article_modified_time":"2026-04-07T08:48:38+00:00","og_image":[{"width":1024,"height":576,"url":"https:\/\/42wolfsburg.de\/wp-content\/uploads\/2023\/12\/Screenshot-2023-12-06-at-151752-1024x576.png","type":"image\/png"}],"twitter_card":"summary_large_image","twitter_misc":{"Gesch\u00e4tzte Lesezeit":"2\u00a0Minuten"},"schema":{"@context":"https:\/\/schema.org","@graph":[{"@type":"WebPage","@id":"https:\/\/42wolfsburg.de\/shaping-careers-tsystems\/","url":"https:\/\/42wolfsburg.de\/shaping-careers-tsystems\/","name":"Shaping Careers Together - 42 Wolfsburg","isPartOf":{"@id":"https:\/\/42wolfsburg.de\/#website"},"primaryImageOfPage":{"@id":"https:\/\/42wolfsburg.de\/shaping-careers-tsystems\/#primaryimage"},"image":{"@id":"https:\/\/42wolfsburg.de\/shaping-careers-tsystems\/#primaryimage"},"thumbnailUrl":"https:\/\/42wolfsburg.de\/wp-content\/uploads\/2023\/12\/Screenshot-2023-12-06-at-151752.png","datePublished":"2023-12-06T15:27:03+00:00","dateModified":"2026-04-07T08:48:38+00:00","breadcrumb":{"@id":"https:\/\/42wolfsburg.de\/shaping-careers-tsystems\/#breadcrumb"},"inLanguage":"de","potentialAction":[{"@type":"ReadAction","target":["https:\/\/42wolfsburg.de\/shaping-careers-tsystems\/"]}]},{"@type":"ImageObject","inLanguage":"de","@id":"https:\/\/42wolfsburg.de\/shaping-careers-tsystems\/#primaryimage","url":"https:\/\/42wolfsburg.de\/wp-content\/uploads\/2023\/12\/Screenshot-2023-12-06-at-151752.png","contentUrl":"https:\/\/42wolfsburg.de\/wp-content\/uploads\/2023\/12\/Screenshot-2023-12-06-at-151752.png"},{"@type":"BreadcrumbList","@id":"https:\/\/42wolfsburg.de\/shaping-careers-tsystems\/#breadcrumb","itemListElement":[{"@type":"ListItem","position":1,"name":"Home","item":"https:\/\/42wolfsburg.de\/"},{"@type":"ListItem","position":2,"name":"Shaping Careers Together"}]},{"@type":"WebSite","@id":"https:\/\/42wolfsburg.de\/#website","url":"https:\/\/42wolfsburg.de\/","name":"42 Wolfsburg","description":"Coding School","publisher":{"@id":"https:\/\/42wolfsburg.de\/#organization"},"potentialAction":[{"@type":"SearchAction","target":{"@type":"EntryPoint","urlTemplate":"https:\/\/42wolfsburg.de\/?s={search_term_string}"},"query-input":{"@type":"PropertyValueSpecification","valueRequired":true,"valueName":"search_term_string"}}],"inLanguage":"de"},{"@type":"Organization","@id":"https:\/\/42wolfsburg.de\/#organization","name":"42 Wolfsburg","url":"https:\/\/42wolfsburg.de\/","logo":{"@type":"ImageObject","inLanguage":"de","@id":"https:\/\/42wolfsburg.de\/#\/schema\/logo\/image\/","url":"https:\/\/42wolfsburg.de\/wp-content\/uploads\/2024\/08\/42Wolfsburg_Logo_ver_pos_black_RGB.png","contentUrl":"https:\/\/42wolfsburg.de\/wp-content\/uploads\/2024\/08\/42Wolfsburg_Logo_ver_pos_black_RGB.png","width":591,"height":591,"caption":"42 Wolfsburg"},"image":{"@id":"https:\/\/42wolfsburg.de\/#\/schema\/logo\/image\/"}}]}},"_links":{"self":[{"href":"https:\/\/42wolfsburg.de\/de\/wp-json\/wp\/v2\/pages\/3482","targetHints":{"allow":["GET"]}}],"collection":[{"href":"https:\/\/42wolfsburg.de\/de\/wp-json\/wp\/v2\/pages"}],"about":[{"href":"https:\/\/42wolfsburg.de\/de\/wp-json\/wp\/v2\/types\/page"}],"author":[{"embeddable":true,"href":"https:\/\/42wolfsburg.de\/de\/wp-json\/wp\/v2\/users\/4"}],"replies":[{"embeddable":true,"href":"https:\/\/42wolfsburg.de\/de\/wp-json\/wp\/v2\/comments?post=3482"}],"version-history":[{"count":9,"href":"https:\/\/42wolfsburg.de\/de\/wp-json\/wp\/v2\/pages\/3482\/revisions"}],"predecessor-version":[{"id":7124,"href":"https:\/\/42wolfsburg.de\/de\/wp-json\/wp\/v2\/pages\/3482\/revisions\/7124"}],"wp:attachment":[{"href":"https:\/\/42wolfsburg.de\/de\/wp-json\/wp\/v2\/media?parent=3482"}],"curies":[{"name":"wp","href":"https:\/\/api.w.org\/{rel}","templated":true}]}}