{"id":3548,"date":"2023-12-15T13:10:09","date_gmt":"2023-12-15T13:10:09","guid":{"rendered":"https:\/\/42wolfsburg.de\/?page_id=3548"},"modified":"2026-04-07T08:45:08","modified_gmt":"2026-04-07T08:45:08","slug":"insights-from-42-wolfsburg-alumni","status":"publish","type":"page","link":"https:\/\/42wolfsburg.de\/de\/insights-from-42-wolfsburg-alumni\/","title":{"rendered":"Insights from 42 Wolfsburg Alumni"},"content":{"rendered":"<div data-elementor-type=\"wp-page\" data-elementor-id=\"3548\" class=\"elementor elementor-3548\" data-elementor-post-type=\"page\">\n\t\t\t\t<div class=\"elementor-element elementor-element-4984ce5e e-flex e-con-boxed e-con e-parent\" data-id=\"4984ce5e\" data-element_type=\"container\" data-e-type=\"container\">\n\t\t\t\t\t<div class=\"e-con-inner\">\n\t\t<div class=\"elementor-element elementor-element-578490 e-con-full e-flex e-con e-child\" data-id=\"578490\" data-element_type=\"container\" data-e-type=\"container\">\n\t\t\t\t<div class=\"elementor-element elementor-element-51bca590 elementor-widget__width-initial elementor-widget elementor-widget-image\" data-id=\"51bca590\" data-element_type=\"widget\" data-e-type=\"widget\" data-widget_type=\"image.default\">\n\t\t\t\t<div class=\"elementor-widget-container\">\n\t\t\t\t\t\t\t\t\t\t\t\t\t\t\t<img fetchpriority=\"high\" decoding=\"async\" width=\"2861\" height=\"1493\" src=\"https:\/\/42wolfsburg.de\/wp-content\/uploads\/2023\/12\/Screenshot-2023-12-15-at-140748.png\" class=\"attachment-full size-full wp-image-3550\" alt=\"\" srcset=\"https:\/\/42wolfsburg.de\/wp-content\/uploads\/2023\/12\/Screenshot-2023-12-15-at-140748.png 2861w, https:\/\/42wolfsburg.de\/wp-content\/uploads\/2023\/12\/Screenshot-2023-12-15-at-140748-300x157.png 300w, https:\/\/42wolfsburg.de\/wp-content\/uploads\/2023\/12\/Screenshot-2023-12-15-at-140748-1024x534.png 1024w, https:\/\/42wolfsburg.de\/wp-content\/uploads\/2023\/12\/Screenshot-2023-12-15-at-140748-768x401.png 768w, https:\/\/42wolfsburg.de\/wp-content\/uploads\/2023\/12\/Screenshot-2023-12-15-at-140748-1536x802.png 1536w, https:\/\/42wolfsburg.de\/wp-content\/uploads\/2023\/12\/Screenshot-2023-12-15-at-140748-2048x1069.png 2048w, https:\/\/42wolfsburg.de\/wp-content\/uploads\/2023\/12\/Screenshot-2023-12-15-at-140748-18x9.png 18w\" sizes=\"(max-width: 2861px) 100vw, 2861px\" \/>\t\t\t\t\t\t\t\t\t\t\t\t\t\t\t<\/div>\n\t\t\t\t<\/div>\n\t\t\t\t<\/div>\n\t\t\t\t\t<\/div>\n\t\t\t\t<\/div>\n\t\t<div class=\"elementor-element elementor-element-1d4ac103 e-flex e-con-boxed e-con e-parent\" data-id=\"1d4ac103\" data-element_type=\"container\" data-e-type=\"container\">\n\t\t\t\t\t<div class=\"e-con-inner\">\n\t\t<div class=\"elementor-element elementor-element-4a8b9e28 e-con-full e-flex e-con e-child\" data-id=\"4a8b9e28\" data-element_type=\"container\" data-e-type=\"container\">\n\t\t\t\t<\/div>\n\t\t<div class=\"elementor-element elementor-element-169cd080 e-flex e-con-boxed e-con e-child\" data-id=\"169cd080\" data-element_type=\"container\" data-e-type=\"container\">\n\t\t\t\t\t<div class=\"e-con-inner\">\n\t\t\t\t<div class=\"elementor-element elementor-element-7c13ce77 elementor-widget elementor-widget-heading\" data-id=\"7c13ce77\" data-element_type=\"widget\" data-e-type=\"widget\" data-settings=\"{&quot;_animation_mobile&quot;:&quot;fadeInUp&quot;}\" data-widget_type=\"heading.default\">\n\t\t\t\t<div class=\"elementor-widget-container\">\n\t\t\t\t\t<h2 class=\"elementor-heading-title elementor-size-default\">Real-World Impact: <\/br> Insights from former 42 Wolfsburg students\n<\/h2>\t\t\t\t<\/div>\n\t\t\t\t<\/div>\n\t\t\t\t<div class=\"elementor-element elementor-element-2271ab5f elementor-widget-mobile__width-initial elementor-widget elementor-widget-text-editor\" data-id=\"2271ab5f\" data-element_type=\"widget\" data-e-type=\"widget\" data-widget_type=\"text-editor.default\">\n\t\t\t\t<div class=\"elementor-widget-container\">\n\t\t\t\t\t\t\t\t\t<p class=\"p1\">What makes our students stand out in the tech world? It&#8217;s their unique blend of technical expertise and soft skills. The 42 learning experience goes beyond coding proficiency, focusing on essential qualities like teamwork and adaptability. This comprehensive skill set is why 42 graduates are in demand, finding success in top IT companies, entrepreneurial ventures, and tech departments across industries.<\/p><h4 class=\"p1\"><b>42 at work Spotlight: Real-World Success Stories<\/b><\/h4><p data-start=\"1726\" data-end=\"2115\">At the 2023 Winterfest event, 42 Wolfsburg celebrated the journeys of its alumni, highlighting how the unique learning environment at 42 prepared them for professional success. Two standout stories are those of <strong data-start=\"1937\" data-end=\"1951\">Kristiyana<\/strong> und <strong data-start=\"1956\" data-end=\"1970\">Konstantin<\/strong> \u2013 both former students who shared their experiences transitioning from the 42 campus into careers in tech.<\/p><p data-start=\"2117\" data-end=\"2591\"><strong data-start=\"2117\" data-end=\"2131\">Kristiyana<\/strong>, now a full-time Junior Software Engineer, emphasizes how the problem-solving mindset she developed at 42 plays a crucial role in her daily work. At 42, students are encouraged to view challenges as opportunities to learn rather than obstacles to fear. This philosophy \u2013 that failure is part of the learning process \u2013 helped Kristiyana build resilience and confidence when tackling new and unfamiliar tasks in her career.<\/p><p data-start=\"2593\" data-end=\"3040\">Beyond technical skills, Kristiyana also highlights the importance of communication and collaboration. At 42, passing project evaluations depends on the ability to work effectively with peers, share feedback, and contribute meaningfully to group outcomes. These <strong data-start=\"2855\" data-end=\"2870\">Soft Skills<\/strong> have become invaluable in her professional life, enabling her to excel in team environments and support collective problem solving.<\/p><p data-start=\"3042\" data-end=\"3567\"><strong data-start=\"3042\" data-end=\"3056\">Konstantin<\/strong>\u2019s experience further illustrates how the 42 method equips students for lifelong learning. After graduation, he moved into a development role working with the Unreal Engine \u2013 a highly dynamic and technically demanding environment. According to Konstantin, the confidence to <strong data-start=\"3330\" data-end=\"3362\">continuously learn and adapt<\/strong> was the biggest takeaway from his time at 42. In the tech industry, where technologies evolve rapidly, this ability to keep learning is critical to long-term success.<\/p><div class=\"mt-1 flex justify-start gap-3 empty:hidden\"><div class=\"text-xs flex items-center justify-center gap-1 self-center visible\">\u00a0<\/div><\/div>\t\t\t\t\t\t\t\t<\/div>\n\t\t\t\t<\/div>\n\t\t\t\t<div class=\"elementor-element elementor-element-e062c37 elementor-widget elementor-widget-video\" data-id=\"e062c37\" data-element_type=\"widget\" data-e-type=\"widget\" data-settings=\"{&quot;youtube_url&quot;:&quot;https:\\\/\\\/youtu.be\\\/LoOmFR245f0&quot;,&quot;video_type&quot;:&quot;youtube&quot;,&quot;controls&quot;:&quot;yes&quot;}\" data-widget_type=\"video.default\">\n\t\t\t\t<div class=\"elementor-widget-container\">\n\t\t\t\t\t\t\t<div class=\"elementor-wrapper elementor-open-inline\">\n\t\t\t<div class=\"elementor-video\"><\/div>\t\t<\/div>\n\t\t\t\t\t\t<\/div>\n\t\t\t\t<\/div>\n\t\t\t\t<div class=\"elementor-element elementor-element-d99d7ab elementor-widget elementor-widget-spacer\" data-id=\"d99d7ab\" data-element_type=\"widget\" data-e-type=\"widget\" data-widget_type=\"spacer.default\">\n\t\t\t\t<div class=\"elementor-widget-container\">\n\t\t\t\t\t\t\t<div class=\"elementor-spacer\">\n\t\t\t<div class=\"elementor-spacer-inner\"><\/div>\n\t\t<\/div>\n\t\t\t\t\t\t<\/div>\n\t\t\t\t<\/div>\n\t\t\t\t<div class=\"elementor-element elementor-element-0ae2489 elementor-widget elementor-widget-video\" data-id=\"0ae2489\" data-element_type=\"widget\" data-e-type=\"widget\" data-settings=\"{&quot;youtube_url&quot;:&quot;https:\\\/\\\/youtu.be\\\/7N8XO7BQkGY&quot;,&quot;video_type&quot;:&quot;youtube&quot;,&quot;controls&quot;:&quot;yes&quot;}\" data-widget_type=\"video.default\">\n\t\t\t\t<div class=\"elementor-widget-container\">\n\t\t\t\t\t\t\t<div class=\"elementor-wrapper elementor-open-inline\">\n\t\t\t<div class=\"elementor-video\"><\/div>\t\t<\/div>\n\t\t\t\t\t\t<\/div>\n\t\t\t\t<\/div>\n\t\t\t\t<div class=\"elementor-element elementor-element-5a50c4f elementor-widget-mobile__width-initial elementor-widget elementor-widget-text-editor\" data-id=\"5a50c4f\" data-element_type=\"widget\" data-e-type=\"widget\" data-widget_type=\"text-editor.default\">\n\t\t\t\t<div class=\"elementor-widget-container\">\n\t\t\t\t\t\t\t\t\t<h5>\u00a0<\/h5><h4><strong>The 42 Edge: Beyond Just Coding<\/strong><\/h4><p>As technology evolves, so do the challenges. 42 Wolfsburg prepares its students for this ever-changing landscape, not by teaching them all the answers, but by equipping them with the skills to find these answers.<\/p><h6><b>Why Our Core Finishers Excel:<\/b><\/h6><p><strong>&#8211; Technical Expertise<\/strong>: At the core, our students possess a robust understanding of coding and software development, developed through challenging, real-world projects.<\/p><p><strong>&#8211; Teamwork and Collaboration<\/strong>: Emphasizing collaborative projects, our curriculum ensures graduates excel in teamwork, a vital skill in the collaborative environment of the tech industry.<\/p><p><strong>&#8211; Adaptability<\/strong>: In a field that&#8217;s constantly changing, adaptability is key. Our students learn to quickly adapt to new technologies and problem-solving approaches.<\/p><p><strong>&#8211; Problem-Solving Skills<\/strong>: We foster a mindset of continuous learning and innovation, empowering our graduates to tackle complex challenges in their careers.<\/p><p>In a world where technology is constantly advancing, the true measure of education is how well it prepares students for the unknown. 42 Wolfsburg, through its innovative approach and strong community, is doing just that.<\/p><h4 data-start=\"4410\" data-end=\"4436\"><strong data-start=\"4414\" data-end=\"4436\">Join the Community<\/strong><\/h4><p data-start=\"4438\" data-end=\"4808\">Inspired by these alumni stories? The journey to becoming a tech professional starts with a willingness to experiment, collaborate, and embrace challenges. Whether you\u2019re interested in software engineering, creative tech solutions, or entrepreneurial ventures, <strong data-start=\"4699\" data-end=\"4770\">42 Wolfsburg provides the environment and support to help you grow.<\/strong><\/p><p data-start=\"4810\" data-end=\"5054\">If you\u2019re ready to take the next step in your tech journey, applications are open year-round. Join a global network of learners and start building the skills that will shape your future in the tech world. Start your <a href=\"https:\/\/42wolfsburg.de\/de\/apply-now\/\">Application Platform<\/a> today!<\/p>\t\t\t\t\t\t\t\t<\/div>\n\t\t\t\t<\/div>\n\t\t\t\t\t<\/div>\n\t\t\t\t<\/div>\n\t\t<div class=\"elementor-element elementor-element-7752b6c3 e-con-full e-flex e-con e-child\" data-id=\"7752b6c3\" data-element_type=\"container\" data-e-type=\"container\">\n\t\t\t\t<\/div>\n\t\t\t\t\t<\/div>\n\t\t\t\t<\/div>\n\t\t<div class=\"elementor-element elementor-element-4f187190 e-flex e-con-boxed e-con e-parent\" data-id=\"4f187190\" data-element_type=\"container\" data-e-type=\"container\">\n\t\t\t\t\t<div class=\"e-con-inner\">\n\t\t<div class=\"elementor-element elementor-element-5f209429 elementor-hidden-mobile e-flex e-con-boxed e-con e-child\" data-id=\"5f209429\" data-element_type=\"container\" data-e-type=\"container\" data-settings=\"{&quot;background_background&quot;:&quot;classic&quot;}\">\n\t\t\t\t\t<div class=\"e-con-inner\">\n\t\t\t\t<div class=\"elementor-element elementor-element-624622de elementor-widget elementor-widget-heading\" data-id=\"624622de\" data-element_type=\"widget\" data-e-type=\"widget\" data-widget_type=\"heading.default\">\n\t\t\t\t<div class=\"elementor-widget-container\">\n\t\t\t\t\t<h2 class=\"elementor-heading-title elementor-size-default\">Bleib auf dem Laufenden...<\/h2>\t\t\t\t<\/div>\n\t\t\t\t<\/div>\n\t\t\t\t<div class=\"elementor-element elementor-element-4527c2e2 elementor-widget elementor-widget-text-editor\" data-id=\"4527c2e2\" data-element_type=\"widget\" data-e-type=\"widget\" data-widget_type=\"text-editor.default\">\n\t\t\t\t<div class=\"elementor-widget-container\">\n\t\t\t\t\t\t\t\t\tFolge uns auf Instagram f\u00fcr regelm\u00e4\u00dfige Updates!\t\t\t\t\t\t\t\t<\/div>\n\t\t\t\t<\/div>\n\t\t\t\t<div class=\"elementor-element elementor-element-1cce244a elementor-align-left elementor-mobile-align-left pink-img elementor-widget elementor-widget-button\" data-id=\"1cce244a\" data-element_type=\"widget\" data-e-type=\"widget\" data-widget_type=\"button.default\">\n\t\t\t\t<div class=\"elementor-widget-container\">\n\t\t\t\t\t\t\t\t\t<div class=\"elementor-button-wrapper\">\n\t\t\t\t\t<a class=\"elementor-button elementor-button-link elementor-size-sm\" href=\"https:\/\/www.instagram.com\/42wolfsburg\/\" target=\"_blank\">\n\t\t\t\t\t\t<span class=\"elementor-button-content-wrapper\">\n\t\t\t\t\t\t\t\t\t<span class=\"elementor-button-text\">Instagram<\/span>\n\t\t\t\t\t<\/span>\n\t\t\t\t\t<\/a>\n\t\t\t\t<\/div>\n\t\t\t\t\t\t\t\t<\/div>\n\t\t\t\t<\/div>\n\t\t\t\t\t<\/div>\n\t\t\t\t<\/div>\n\t\t<div class=\"elementor-element elementor-element-487e44f4 elementor-hidden-desktop elementor-hidden-tablet e-flex e-con-boxed e-con e-child\" data-id=\"487e44f4\" data-element_type=\"container\" data-e-type=\"container\">\n\t\t\t\t\t<div class=\"e-con-inner\">\n\t\t<div class=\"elementor-element elementor-element-168e652d e-con-full e-flex e-con e-child\" data-id=\"168e652d\" data-element_type=\"container\" data-e-type=\"container\" data-settings=\"{&quot;background_background&quot;:&quot;classic&quot;}\">\n\t\t\t\t<div class=\"elementor-element elementor-element-76836cd3 elementor-widget elementor-widget-image\" data-id=\"76836cd3\" data-element_type=\"widget\" data-e-type=\"widget\" data-widget_type=\"image.default\">\n\t\t\t\t<div class=\"elementor-widget-container\">\n\t\t\t\t\t\t\t\t\t\t\t\t\t\t\t<img decoding=\"async\" width=\"800\" height=\"401\" src=\"https:\/\/42wolfsburg.de\/wp-content\/uploads\/2023\/07\/Union-2-1024x513.png\" class=\"attachment-large size-large wp-image-994\" alt=\"\" srcset=\"https:\/\/42wolfsburg.de\/wp-content\/uploads\/2023\/07\/Union-2-1024x513.png 1024w, https:\/\/42wolfsburg.de\/wp-content\/uploads\/2023\/07\/Union-2-300x150.png 300w, https:\/\/42wolfsburg.de\/wp-content\/uploads\/2023\/07\/Union-2-768x385.png 768w, https:\/\/42wolfsburg.de\/wp-content\/uploads\/2023\/07\/Union-2.png 1115w\" sizes=\"(max-width: 800px) 100vw, 800px\" \/>\t\t\t\t\t\t\t\t\t\t\t\t\t\t\t<\/div>\n\t\t\t\t<\/div>\n\t\t\t\t<\/div>\n\t\t<div class=\"elementor-element elementor-element-6aeaa4cd e-flex e-con-boxed e-con e-child\" data-id=\"6aeaa4cd\" data-element_type=\"container\" data-e-type=\"container\" data-settings=\"{&quot;background_background&quot;:&quot;classic&quot;}\">\n\t\t\t\t\t<div class=\"e-con-inner\">\n\t\t\t\t<div class=\"elementor-element elementor-element-8042e8d elementor-widget elementor-widget-heading\" data-id=\"8042e8d\" data-element_type=\"widget\" data-e-type=\"widget\" data-settings=\"{&quot;_animation_mobile&quot;:&quot;fadeInUp&quot;}\" data-widget_type=\"heading.default\">\n\t\t\t\t<div class=\"elementor-widget-container\">\n\t\t\t\t\t<h2 class=\"elementor-heading-title elementor-size-default\">Bleib auf dem Laufenden...<\/h2>\t\t\t\t<\/div>\n\t\t\t\t<\/div>\n\t\t\t\t<div class=\"elementor-element elementor-element-a8917d5 elementor-widget elementor-widget-text-editor\" data-id=\"a8917d5\" data-element_type=\"widget\" data-e-type=\"widget\" data-widget_type=\"text-editor.default\">\n\t\t\t\t<div class=\"elementor-widget-container\">\n\t\t\t\t\t\t\t\t\tFolge uns auf Instagram f\u00fcr regelm\u00e4\u00dfige Updates!\t\t\t\t\t\t\t\t<\/div>\n\t\t\t\t<\/div>\n\t\t\t\t<div class=\"elementor-element elementor-element-43852338 elementor-align-left elementor-mobile-align-left pink-img elementor-widget elementor-widget-button\" data-id=\"43852338\" data-element_type=\"widget\" data-e-type=\"widget\" data-widget_type=\"button.default\">\n\t\t\t\t<div class=\"elementor-widget-container\">\n\t\t\t\t\t\t\t\t\t<div class=\"elementor-button-wrapper\">\n\t\t\t\t\t<a class=\"elementor-button elementor-button-link elementor-size-sm\" href=\"https:\/\/www.instagram.com\/42wolfsburg\/\" target=\"_blank\">\n\t\t\t\t\t\t<span class=\"elementor-button-content-wrapper\">\n\t\t\t\t\t\t\t\t\t<span class=\"elementor-button-text\">Instagram<\/span>\n\t\t\t\t\t<\/span>\n\t\t\t\t\t<\/a>\n\t\t\t\t<\/div>\n\t\t\t\t\t\t\t\t<\/div>\n\t\t\t\t<\/div>\n\t\t\t\t\t<\/div>\n\t\t\t\t<\/div>\n\t\t\t\t\t<\/div>\n\t\t\t\t<\/div>\n\t\t\t\t\t<\/div>\n\t\t\t\t<\/div>\n\t\t\t\t<\/div>","protected":false},"excerpt":{"rendered":"<p>Real-World Impact: Insights from former 42 Wolfsburg students What makes our students stand out in the tech world? It&#8217;s their unique blend of technical expertise and soft skills. The 42 learning experience goes beyond coding proficiency, focusing on essential qualities like teamwork and adaptability. This comprehensive skill set is why 42 graduates are in demand, [&hellip;]<\/p>","protected":false},"author":4,"featured_media":3550,"parent":0,"menu_order":0,"comment_status":"closed","ping_status":"closed","template":"","meta":{"footnotes":""},"class_list":["post-3548","page","type-page","status-publish","has-post-thumbnail","hentry"],"yoast_head":"<!-- This site is optimized with the Yoast SEO plugin v26.3 - https:\/\/yoast.com\/wordpress\/plugins\/seo\/ -->\n<title>Insights from 42 Wolfsburg Alumni<\/title>\n<meta name=\"robots\" content=\"index, follow, max-snippet:-1, max-image-preview:large, max-video-preview:-1\" \/>\n<link rel=\"canonical\" href=\"https:\/\/42wolfsburg.de\/de\/insights-from-42-wolfsburg-alumni\/\" \/>\n<meta property=\"og:locale\" content=\"de_DE\" \/>\n<meta property=\"og:type\" content=\"article\" \/>\n<meta property=\"og:title\" content=\"Insights from 42 Wolfsburg Alumni\" \/>\n<meta property=\"og:description\" content=\"Real-World Impact: Insights from former 42 Wolfsburg students What makes our students stand out in the tech world? It&#8217;s their unique blend of technical expertise and soft skills. The 42 learning experience goes beyond coding proficiency, focusing on essential qualities like teamwork and adaptability. This comprehensive skill set is why 42 graduates are in demand, [&hellip;]\" \/>\n<meta property=\"og:url\" content=\"https:\/\/42wolfsburg.de\/de\/insights-from-42-wolfsburg-alumni\/\" \/>\n<meta property=\"og:site_name\" content=\"42 Wolfsburg\" \/>\n<meta property=\"article:modified_time\" content=\"2026-04-07T08:45:08+00:00\" \/>\n<meta property=\"og:image\" content=\"https:\/\/42wolfsburg.de\/wp-content\/uploads\/2023\/12\/Screenshot-2023-12-15-at-140748-1024x534.png\" \/>\n\t<meta property=\"og:image:width\" content=\"1024\" \/>\n\t<meta property=\"og:image:height\" content=\"534\" \/>\n\t<meta property=\"og:image:type\" content=\"image\/png\" \/>\n<meta name=\"twitter:card\" content=\"summary_large_image\" \/>\n<meta name=\"twitter:label1\" content=\"Gesch\u00e4tzte Lesezeit\" \/>\n\t<meta name=\"twitter:data1\" content=\"4\u00a0Minuten\" \/>\n<script type=\"application\/ld+json\" class=\"yoast-schema-graph\">{\"@context\":\"https:\/\/schema.org\",\"@graph\":[{\"@type\":\"WebPage\",\"@id\":\"https:\/\/42wolfsburg.de\/insights-from-42-wolfsburg-alumni\/\",\"url\":\"https:\/\/42wolfsburg.de\/insights-from-42-wolfsburg-alumni\/\",\"name\":\"Insights from 42 Wolfsburg Alumni\",\"isPartOf\":{\"@id\":\"https:\/\/42wolfsburg.de\/#website\"},\"primaryImageOfPage\":{\"@id\":\"https:\/\/42wolfsburg.de\/insights-from-42-wolfsburg-alumni\/#primaryimage\"},\"image\":{\"@id\":\"https:\/\/42wolfsburg.de\/insights-from-42-wolfsburg-alumni\/#primaryimage\"},\"thumbnailUrl\":\"https:\/\/42wolfsburg.de\/wp-content\/uploads\/2023\/12\/Screenshot-2023-12-15-at-140748.png\",\"datePublished\":\"2023-12-15T13:10:09+00:00\",\"dateModified\":\"2026-04-07T08:45:08+00:00\",\"breadcrumb\":{\"@id\":\"https:\/\/42wolfsburg.de\/insights-from-42-wolfsburg-alumni\/#breadcrumb\"},\"inLanguage\":\"de\",\"potentialAction\":[{\"@type\":\"ReadAction\",\"target\":[\"https:\/\/42wolfsburg.de\/insights-from-42-wolfsburg-alumni\/\"]}]},{\"@type\":\"ImageObject\",\"inLanguage\":\"de\",\"@id\":\"https:\/\/42wolfsburg.de\/insights-from-42-wolfsburg-alumni\/#primaryimage\",\"url\":\"https:\/\/42wolfsburg.de\/wp-content\/uploads\/2023\/12\/Screenshot-2023-12-15-at-140748.png\",\"contentUrl\":\"https:\/\/42wolfsburg.de\/wp-content\/uploads\/2023\/12\/Screenshot-2023-12-15-at-140748.png\",\"width\":2861,\"height\":1493,\"caption\":\"#image_title\"},{\"@type\":\"BreadcrumbList\",\"@id\":\"https:\/\/42wolfsburg.de\/insights-from-42-wolfsburg-alumni\/#breadcrumb\",\"itemListElement\":[{\"@type\":\"ListItem\",\"position\":1,\"name\":\"Home\",\"item\":\"https:\/\/42wolfsburg.de\/\"},{\"@type\":\"ListItem\",\"position\":2,\"name\":\"Insights from 42 Wolfsburg Alumni\"}]},{\"@type\":\"WebSite\",\"@id\":\"https:\/\/42wolfsburg.de\/#website\",\"url\":\"https:\/\/42wolfsburg.de\/\",\"name\":\"42 Wolfsburg\",\"description\":\"Coding School\",\"publisher\":{\"@id\":\"https:\/\/42wolfsburg.de\/#organization\"},\"potentialAction\":[{\"@type\":\"SearchAction\",\"target\":{\"@type\":\"EntryPoint\",\"urlTemplate\":\"https:\/\/42wolfsburg.de\/?s={search_term_string}\"},\"query-input\":{\"@type\":\"PropertyValueSpecification\",\"valueRequired\":true,\"valueName\":\"search_term_string\"}}],\"inLanguage\":\"de\"},{\"@type\":\"Organization\",\"@id\":\"https:\/\/42wolfsburg.de\/#organization\",\"name\":\"42 Wolfsburg\",\"url\":\"https:\/\/42wolfsburg.de\/\",\"logo\":{\"@type\":\"ImageObject\",\"inLanguage\":\"de\",\"@id\":\"https:\/\/42wolfsburg.de\/#\/schema\/logo\/image\/\",\"url\":\"https:\/\/42wolfsburg.de\/wp-content\/uploads\/2024\/08\/42Wolfsburg_Logo_ver_pos_black_RGB.png\",\"contentUrl\":\"https:\/\/42wolfsburg.de\/wp-content\/uploads\/2024\/08\/42Wolfsburg_Logo_ver_pos_black_RGB.png\",\"width\":591,\"height\":591,\"caption\":\"42 Wolfsburg\"},\"image\":{\"@id\":\"https:\/\/42wolfsburg.de\/#\/schema\/logo\/image\/\"}}]}<\/script>\n<!-- \/ Yoast SEO plugin. -->","yoast_head_json":{"title":"Insights from 42 Wolfsburg Alumni","robots":{"index":"index","follow":"follow","max-snippet":"max-snippet:-1","max-image-preview":"max-image-preview:large","max-video-preview":"max-video-preview:-1"},"canonical":"https:\/\/42wolfsburg.de\/de\/insights-from-42-wolfsburg-alumni\/","og_locale":"de_DE","og_type":"article","og_title":"Insights from 42 Wolfsburg Alumni","og_description":"Real-World Impact: Insights from former 42 Wolfsburg students What makes our students stand out in the tech world? It&#8217;s their unique blend of technical expertise and soft skills. The 42 learning experience goes beyond coding proficiency, focusing on essential qualities like teamwork and adaptability. This comprehensive skill set is why 42 graduates are in demand, [&hellip;]","og_url":"https:\/\/42wolfsburg.de\/de\/insights-from-42-wolfsburg-alumni\/","og_site_name":"42 Wolfsburg","article_modified_time":"2026-04-07T08:45:08+00:00","og_image":[{"width":1024,"height":534,"url":"https:\/\/42wolfsburg.de\/wp-content\/uploads\/2023\/12\/Screenshot-2023-12-15-at-140748-1024x534.png","type":"image\/png"}],"twitter_card":"summary_large_image","twitter_misc":{"Gesch\u00e4tzte Lesezeit":"4\u00a0Minuten"},"schema":{"@context":"https:\/\/schema.org","@graph":[{"@type":"WebPage","@id":"https:\/\/42wolfsburg.de\/insights-from-42-wolfsburg-alumni\/","url":"https:\/\/42wolfsburg.de\/insights-from-42-wolfsburg-alumni\/","name":"Insights from 42 Wolfsburg Alumni","isPartOf":{"@id":"https:\/\/42wolfsburg.de\/#website"},"primaryImageOfPage":{"@id":"https:\/\/42wolfsburg.de\/insights-from-42-wolfsburg-alumni\/#primaryimage"},"image":{"@id":"https:\/\/42wolfsburg.de\/insights-from-42-wolfsburg-alumni\/#primaryimage"},"thumbnailUrl":"https:\/\/42wolfsburg.de\/wp-content\/uploads\/2023\/12\/Screenshot-2023-12-15-at-140748.png","datePublished":"2023-12-15T13:10:09+00:00","dateModified":"2026-04-07T08:45:08+00:00","breadcrumb":{"@id":"https:\/\/42wolfsburg.de\/insights-from-42-wolfsburg-alumni\/#breadcrumb"},"inLanguage":"de","potentialAction":[{"@type":"ReadAction","target":["https:\/\/42wolfsburg.de\/insights-from-42-wolfsburg-alumni\/"]}]},{"@type":"ImageObject","inLanguage":"de","@id":"https:\/\/42wolfsburg.de\/insights-from-42-wolfsburg-alumni\/#primaryimage","url":"https:\/\/42wolfsburg.de\/wp-content\/uploads\/2023\/12\/Screenshot-2023-12-15-at-140748.png","contentUrl":"https:\/\/42wolfsburg.de\/wp-content\/uploads\/2023\/12\/Screenshot-2023-12-15-at-140748.png","width":2861,"height":1493,"caption":"#image_title"},{"@type":"BreadcrumbList","@id":"https:\/\/42wolfsburg.de\/insights-from-42-wolfsburg-alumni\/#breadcrumb","itemListElement":[{"@type":"ListItem","position":1,"name":"Home","item":"https:\/\/42wolfsburg.de\/"},{"@type":"ListItem","position":2,"name":"Insights from 42 Wolfsburg Alumni"}]},{"@type":"WebSite","@id":"https:\/\/42wolfsburg.de\/#website","url":"https:\/\/42wolfsburg.de\/","name":"42 Wolfsburg","description":"Coding School","publisher":{"@id":"https:\/\/42wolfsburg.de\/#organization"},"potentialAction":[{"@type":"SearchAction","target":{"@type":"EntryPoint","urlTemplate":"https:\/\/42wolfsburg.de\/?s={search_term_string}"},"query-input":{"@type":"PropertyValueSpecification","valueRequired":true,"valueName":"search_term_string"}}],"inLanguage":"de"},{"@type":"Organization","@id":"https:\/\/42wolfsburg.de\/#organization","name":"42 Wolfsburg","url":"https:\/\/42wolfsburg.de\/","logo":{"@type":"ImageObject","inLanguage":"de","@id":"https:\/\/42wolfsburg.de\/#\/schema\/logo\/image\/","url":"https:\/\/42wolfsburg.de\/wp-content\/uploads\/2024\/08\/42Wolfsburg_Logo_ver_pos_black_RGB.png","contentUrl":"https:\/\/42wolfsburg.de\/wp-content\/uploads\/2024\/08\/42Wolfsburg_Logo_ver_pos_black_RGB.png","width":591,"height":591,"caption":"42 Wolfsburg"},"image":{"@id":"https:\/\/42wolfsburg.de\/#\/schema\/logo\/image\/"}}]}},"_links":{"self":[{"href":"https:\/\/42wolfsburg.de\/de\/wp-json\/wp\/v2\/pages\/3548","targetHints":{"allow":["GET"]}}],"collection":[{"href":"https:\/\/42wolfsburg.de\/de\/wp-json\/wp\/v2\/pages"}],"about":[{"href":"https:\/\/42wolfsburg.de\/de\/wp-json\/wp\/v2\/types\/page"}],"author":[{"embeddable":true,"href":"https:\/\/42wolfsburg.de\/de\/wp-json\/wp\/v2\/users\/4"}],"replies":[{"embeddable":true,"href":"https:\/\/42wolfsburg.de\/de\/wp-json\/wp\/v2\/comments?post=3548"}],"version-history":[{"count":9,"href":"https:\/\/42wolfsburg.de\/de\/wp-json\/wp\/v2\/pages\/3548\/revisions"}],"predecessor-version":[{"id":7111,"href":"https:\/\/42wolfsburg.de\/de\/wp-json\/wp\/v2\/pages\/3548\/revisions\/7111"}],"wp:featuredmedia":[{"embeddable":true,"href":"https:\/\/42wolfsburg.de\/de\/wp-json\/wp\/v2\/media\/3550"}],"wp:attachment":[{"href":"https:\/\/42wolfsburg.de\/de\/wp-json\/wp\/v2\/media?parent=3548"}],"curies":[{"name":"wp","href":"https:\/\/api.w.org\/{rel}","templated":true}]}}