{"id":3722,"date":"2024-01-23T15:18:26","date_gmt":"2024-01-23T15:18:26","guid":{"rendered":"https:\/\/42wolfsburg.de\/?page_id=3722"},"modified":"2026-04-07T08:45:41","modified_gmt":"2026-04-07T08:45:41","slug":"bridging-the-tech-gender-gap","status":"publish","type":"page","link":"https:\/\/42wolfsburg.de\/de\/bridging-the-tech-gender-gap\/","title":{"rendered":"Bridging the Tech Gender Gap\u00a0"},"content":{"rendered":"<div data-elementor-type=\"wp-page\" data-elementor-id=\"3722\" class=\"elementor elementor-3722\" data-elementor-post-type=\"page\">\n\t\t\t\t<div class=\"elementor-element elementor-element-4984ce5e e-flex e-con-boxed e-con e-parent\" data-id=\"4984ce5e\" data-element_type=\"container\" data-e-type=\"container\">\n\t\t\t\t\t<div class=\"e-con-inner\">\n\t\t<div class=\"elementor-element elementor-element-578490 e-con-full e-flex e-con e-child\" data-id=\"578490\" data-element_type=\"container\" data-e-type=\"container\">\n\t\t\t\t<div class=\"elementor-element elementor-element-51bca590 elementor-widget__width-initial elementor-widget elementor-widget-image\" data-id=\"51bca590\" data-element_type=\"widget\" data-e-type=\"widget\" data-widget_type=\"image.default\">\n\t\t\t\t<div class=\"elementor-widget-container\">\n\t\t\t\t\t\t\t\t\t\t\t\t\t\t\t<img fetchpriority=\"high\" decoding=\"async\" width=\"2560\" height=\"1920\" src=\"https:\/\/42wolfsburg.de\/wp-content\/uploads\/2024\/01\/IMG_3641-scaled.jpg\" class=\"attachment-full size-full wp-image-3724\" alt=\"\" srcset=\"https:\/\/42wolfsburg.de\/wp-content\/uploads\/2024\/01\/IMG_3641-scaled.jpg 2560w, https:\/\/42wolfsburg.de\/wp-content\/uploads\/2024\/01\/IMG_3641-300x225.jpg 300w, https:\/\/42wolfsburg.de\/wp-content\/uploads\/2024\/01\/IMG_3641-1024x768.jpg 1024w, https:\/\/42wolfsburg.de\/wp-content\/uploads\/2024\/01\/IMG_3641-768x576.jpg 768w, https:\/\/42wolfsburg.de\/wp-content\/uploads\/2024\/01\/IMG_3641-1536x1152.jpg 1536w, https:\/\/42wolfsburg.de\/wp-content\/uploads\/2024\/01\/IMG_3641-2048x1536.jpg 2048w, https:\/\/42wolfsburg.de\/wp-content\/uploads\/2024\/01\/IMG_3641-16x12.jpg 16w\" sizes=\"(max-width: 2560px) 100vw, 2560px\" \/>\t\t\t\t\t\t\t\t\t\t\t\t\t\t\t<\/div>\n\t\t\t\t<\/div>\n\t\t\t\t<\/div>\n\t\t\t\t\t<\/div>\n\t\t\t\t<\/div>\n\t\t<div class=\"elementor-element elementor-element-1d4ac103 e-flex e-con-boxed e-con e-parent\" data-id=\"1d4ac103\" data-element_type=\"container\" data-e-type=\"container\">\n\t\t\t\t\t<div class=\"e-con-inner\">\n\t\t<div class=\"elementor-element elementor-element-4a8b9e28 e-con-full e-flex e-con e-child\" data-id=\"4a8b9e28\" data-element_type=\"container\" data-e-type=\"container\">\n\t\t\t\t<\/div>\n\t\t<div class=\"elementor-element elementor-element-169cd080 e-flex e-con-boxed e-con e-child\" data-id=\"169cd080\" data-element_type=\"container\" data-e-type=\"container\">\n\t\t\t\t\t<div class=\"e-con-inner\">\n\t\t\t\t<div class=\"elementor-element elementor-element-7c13ce77 elementor-widget elementor-widget-heading\" data-id=\"7c13ce77\" data-element_type=\"widget\" data-e-type=\"widget\" data-settings=\"{&quot;_animation_mobile&quot;:&quot;fadeInUp&quot;}\" data-widget_type=\"heading.default\">\n\t\t\t\t<div class=\"elementor-widget-container\">\n\t\t\t\t\t<h2 class=\"elementor-heading-title elementor-size-default\">Bridging the Tech Gender Gap: <\/br> Reflections from our Women-Only Discovery Piscine\n\n<\/h2>\t\t\t\t<\/div>\n\t\t\t\t<\/div>\n\t\t\t\t<div class=\"elementor-element elementor-element-2271ab5f elementor-widget-mobile__width-initial elementor-widget elementor-widget-text-editor\" data-id=\"2271ab5f\" data-element_type=\"widget\" data-e-type=\"widget\" data-widget_type=\"text-editor.default\">\n\t\t\t\t<div class=\"elementor-widget-container\">\n\t\t\t\t\t\t\t\t\t<p><span style=\"font-weight: 400;\">The tech industry in Germany, with a workforce where women make up just 17%, is a stark reminder of the gender gap that persists. Addressing this imbalance was the driving force behind our Discovery Piscine for Women, a recently concluded 5-day program designed to introduce women to the world of web development. Our goal with the Discovery Piscine was straightforward yet ambitious: to create an inclusive environment where women, irrespective of their backgrounds, could learn, grow, and explore the possibilities in tech.\u00a0<\/span><\/p><p><b>Watch out for our upcoming special event for International Women&#8217;s Day on Fri, Mar 8, 2024, as we continue to celebrate and empower women in tech.<\/b><\/p><h4><strong>Embracing a New Learning Approach<\/strong><\/h4><p><span style=\"font-weight: 400;\">The program united women from various backgrounds, each with her own story. Charmi Patel, an experienced front-end developer, found the program&#8217;s methodology refreshingly different. &#8220;The hands-on, project-based approach here is quite different from what I&#8217;ve experienced before,&#8221; she remarks, highlighting the program&#8217;s practical, immersive nature.<\/span><\/p><p><span style=\"font-weight: 400;\">For some participants like Ann, the program was a journey of self-discovery. <\/span><b>&#8220;I came with a simple curiosity about programming, but I\u2019m leaving with a strong interest and desire to learn more.&#8221;<\/b><span style=\"font-weight: 400;\"> This sentiment was echoed by many others who began the program with tentative interest but left with a newfound passion for tech.<\/span><\/p><p><span style=\"font-weight: 400;\">The campus of 42 Wolfsburg played a crucial role in fostering a supportive and collaborative environment. <\/span><b>&#8220;The campus was more than just a place to learn; it was where we could engage openly and build connections,<\/b><span style=\"font-weight: 400;\">&#8221; notes another participant. This sense of community and open engagement was instrumental in creating a supportive learning atmosphere.<\/span><\/p>\t\t\t\t\t\t\t\t<\/div>\n\t\t\t\t<\/div>\n\t\t\t\t<div class=\"elementor-element elementor-element-d99d7ab elementor-widget elementor-widget-spacer\" data-id=\"d99d7ab\" data-element_type=\"widget\" data-e-type=\"widget\" data-widget_type=\"spacer.default\">\n\t\t\t\t<div class=\"elementor-widget-container\">\n\t\t\t\t\t\t\t<div class=\"elementor-spacer\">\n\t\t\t<div class=\"elementor-spacer-inner\"><\/div>\n\t\t<\/div>\n\t\t\t\t\t\t<\/div>\n\t\t\t\t<\/div>\n\t\t\t\t<div class=\"elementor-element elementor-element-7f70be3 elementor-widget elementor-widget-image\" data-id=\"7f70be3\" data-element_type=\"widget\" data-e-type=\"widget\" data-widget_type=\"image.default\">\n\t\t\t\t<div class=\"elementor-widget-container\">\n\t\t\t\t\t\t\t\t\t\t\t\t\t\t\t<img decoding=\"async\" width=\"666\" height=\"1024\" src=\"https:\/\/42wolfsburg.de\/wp-content\/uploads\/2024\/01\/IMG_3618-666x1024.jpg\" class=\"attachment-large size-large wp-image-3728\" alt=\"\" srcset=\"https:\/\/42wolfsburg.de\/wp-content\/uploads\/2024\/01\/IMG_3618-666x1024.jpg 666w, https:\/\/42wolfsburg.de\/wp-content\/uploads\/2024\/01\/IMG_3618-195x300.jpg 195w, https:\/\/42wolfsburg.de\/wp-content\/uploads\/2024\/01\/IMG_3618-768x1181.jpg 768w, https:\/\/42wolfsburg.de\/wp-content\/uploads\/2024\/01\/IMG_3618-999x1536.jpg 999w, https:\/\/42wolfsburg.de\/wp-content\/uploads\/2024\/01\/IMG_3618-1331x2048.jpg 1331w, https:\/\/42wolfsburg.de\/wp-content\/uploads\/2024\/01\/IMG_3618-8x12.jpg 8w, https:\/\/42wolfsburg.de\/wp-content\/uploads\/2024\/01\/IMG_3618-scaled.jpg 1664w\" sizes=\"(max-width: 666px) 100vw, 666px\" \/>\t\t\t\t\t\t\t\t\t\t\t\t\t\t\t<\/div>\n\t\t\t\t<\/div>\n\t\t\t\t<div class=\"elementor-element elementor-element-5a50c4f elementor-widget-mobile__width-initial elementor-widget elementor-widget-text-editor\" data-id=\"5a50c4f\" data-element_type=\"widget\" data-e-type=\"widget\" data-widget_type=\"text-editor.default\">\n\t\t\t\t<div class=\"elementor-widget-container\">\n\t\t\t\t\t\t\t\t\t<h4>\u00a0<\/h4><h4><strong>Beyond Coding: Learning to Collaborate<\/strong><\/h4><p><span style=\"font-weight: 400;\">One of the significant outcomes of the program was the development of soft skills. Patel explains, <\/span><b>&#8220;I learned the importance of clear communication and teamwork. It&#8217;s fascinating to see how people with different life experiences can come together to solve problems.&#8221;<\/b><span style=\"font-weight: 400;\"> This focus on communication and teamwork highlights our educational model\u2019s commitment to nurturing well-rounded tech professionals.<\/span><\/p><p><span style=\"font-weight: 400;\">Participants encountered various challenges, from adapting to new technologies to overcoming personal barriers. The program\u2019s supportive environment, emphasizing collaboration and peer learning, was instrumental in helping them overcome these obstacles.<\/span><\/p><p><span style=\"font-weight: 400;\">As the program concluded, many participants looked to the future with renewed ambition and confidence. The experience has opened up new possibilities and paths in the tech industry, underscoring the program\u2019s impact beyond just technical learning.<\/span><\/p><p><span style=\"font-weight: 400;\">The Discovery Piscine for Women at 42 Wolfsburg represents a crucial step towards reducing the gender gap in tech. Looking ahead, the experiences of these participants illustrate the real impact that inclusive and diverse educational approaches can have in reshaping the technology sector.<\/span><\/p><p><i><span style=\"font-weight: 400;\">Our next Piscine starts on March 4th. This is your opportunity to become part of our thriving community at 42 Wolfsburg. <\/span><\/i><a href=\"https:\/\/42wolfsburg.de\/de\/apply-now\/\"><b><i>Apply now<\/i><\/b><\/a><b><i> and begin your journey in tech with us.<\/i><\/b><\/p>\t\t\t\t\t\t\t\t<\/div>\n\t\t\t\t<\/div>\n\t\t\t\t\t<\/div>\n\t\t\t\t<\/div>\n\t\t<div class=\"elementor-element elementor-element-7752b6c3 e-con-full e-flex e-con e-child\" data-id=\"7752b6c3\" data-element_type=\"container\" data-e-type=\"container\">\n\t\t\t\t<\/div>\n\t\t\t\t\t<\/div>\n\t\t\t\t<\/div>\n\t\t<div class=\"elementor-element elementor-element-4f187190 e-flex e-con-boxed e-con e-parent\" data-id=\"4f187190\" data-element_type=\"container\" data-e-type=\"container\">\n\t\t\t\t\t<div class=\"e-con-inner\">\n\t\t<div class=\"elementor-element elementor-element-5f209429 elementor-hidden-mobile e-flex e-con-boxed e-con e-child\" data-id=\"5f209429\" data-element_type=\"container\" data-e-type=\"container\" data-settings=\"{&quot;background_background&quot;:&quot;classic&quot;}\">\n\t\t\t\t\t<div class=\"e-con-inner\">\n\t\t\t\t<div class=\"elementor-element elementor-element-624622de elementor-widget elementor-widget-heading\" data-id=\"624622de\" data-element_type=\"widget\" data-e-type=\"widget\" data-widget_type=\"heading.default\">\n\t\t\t\t<div class=\"elementor-widget-container\">\n\t\t\t\t\t<h2 class=\"elementor-heading-title elementor-size-default\">Bleib auf dem Laufenden...<\/h2>\t\t\t\t<\/div>\n\t\t\t\t<\/div>\n\t\t\t\t<div class=\"elementor-element elementor-element-4527c2e2 elementor-widget elementor-widget-text-editor\" data-id=\"4527c2e2\" data-element_type=\"widget\" data-e-type=\"widget\" data-widget_type=\"text-editor.default\">\n\t\t\t\t<div class=\"elementor-widget-container\">\n\t\t\t\t\t\t\t\t\tFolge uns auf Instagram f\u00fcr regelm\u00e4\u00dfige Updates!\t\t\t\t\t\t\t\t<\/div>\n\t\t\t\t<\/div>\n\t\t\t\t<div class=\"elementor-element elementor-element-1cce244a elementor-align-left elementor-mobile-align-left pink-img elementor-widget elementor-widget-button\" data-id=\"1cce244a\" data-element_type=\"widget\" data-e-type=\"widget\" data-widget_type=\"button.default\">\n\t\t\t\t<div class=\"elementor-widget-container\">\n\t\t\t\t\t\t\t\t\t<div class=\"elementor-button-wrapper\">\n\t\t\t\t\t<a class=\"elementor-button elementor-button-link elementor-size-sm\" href=\"https:\/\/www.instagram.com\/42wolfsburg\/\" target=\"_blank\">\n\t\t\t\t\t\t<span class=\"elementor-button-content-wrapper\">\n\t\t\t\t\t\t\t\t\t<span class=\"elementor-button-text\">Instagram<\/span>\n\t\t\t\t\t<\/span>\n\t\t\t\t\t<\/a>\n\t\t\t\t<\/div>\n\t\t\t\t\t\t\t\t<\/div>\n\t\t\t\t<\/div>\n\t\t\t\t\t<\/div>\n\t\t\t\t<\/div>\n\t\t<div class=\"elementor-element elementor-element-487e44f4 elementor-hidden-desktop elementor-hidden-tablet e-flex e-con-boxed e-con e-child\" data-id=\"487e44f4\" data-element_type=\"container\" data-e-type=\"container\">\n\t\t\t\t\t<div class=\"e-con-inner\">\n\t\t<div class=\"elementor-element elementor-element-168e652d e-con-full e-flex e-con e-child\" data-id=\"168e652d\" data-element_type=\"container\" data-e-type=\"container\" data-settings=\"{&quot;background_background&quot;:&quot;classic&quot;}\">\n\t\t\t\t<div class=\"elementor-element elementor-element-76836cd3 elementor-widget elementor-widget-image\" data-id=\"76836cd3\" data-element_type=\"widget\" data-e-type=\"widget\" data-widget_type=\"image.default\">\n\t\t\t\t<div class=\"elementor-widget-container\">\n\t\t\t\t\t\t\t\t\t\t\t\t\t\t\t<img decoding=\"async\" width=\"800\" height=\"401\" src=\"https:\/\/42wolfsburg.de\/wp-content\/uploads\/2023\/07\/Union-2-1024x513.png\" class=\"attachment-large size-large wp-image-994\" alt=\"\" srcset=\"https:\/\/42wolfsburg.de\/wp-content\/uploads\/2023\/07\/Union-2-1024x513.png 1024w, https:\/\/42wolfsburg.de\/wp-content\/uploads\/2023\/07\/Union-2-300x150.png 300w, https:\/\/42wolfsburg.de\/wp-content\/uploads\/2023\/07\/Union-2-768x385.png 768w, https:\/\/42wolfsburg.de\/wp-content\/uploads\/2023\/07\/Union-2.png 1115w\" sizes=\"(max-width: 800px) 100vw, 800px\" \/>\t\t\t\t\t\t\t\t\t\t\t\t\t\t\t<\/div>\n\t\t\t\t<\/div>\n\t\t\t\t<\/div>\n\t\t<div class=\"elementor-element elementor-element-6aeaa4cd e-flex e-con-boxed e-con e-child\" data-id=\"6aeaa4cd\" data-element_type=\"container\" data-e-type=\"container\" data-settings=\"{&quot;background_background&quot;:&quot;classic&quot;}\">\n\t\t\t\t\t<div class=\"e-con-inner\">\n\t\t\t\t<div class=\"elementor-element elementor-element-8042e8d elementor-widget elementor-widget-heading\" data-id=\"8042e8d\" data-element_type=\"widget\" data-e-type=\"widget\" data-settings=\"{&quot;_animation_mobile&quot;:&quot;fadeInUp&quot;}\" data-widget_type=\"heading.default\">\n\t\t\t\t<div class=\"elementor-widget-container\">\n\t\t\t\t\t<h2 class=\"elementor-heading-title elementor-size-default\">Bleib auf dem Laufenden...<\/h2>\t\t\t\t<\/div>\n\t\t\t\t<\/div>\n\t\t\t\t<div class=\"elementor-element elementor-element-a8917d5 elementor-widget elementor-widget-text-editor\" data-id=\"a8917d5\" data-element_type=\"widget\" data-e-type=\"widget\" data-widget_type=\"text-editor.default\">\n\t\t\t\t<div class=\"elementor-widget-container\">\n\t\t\t\t\t\t\t\t\tFolge uns auf Instagram f\u00fcr regelm\u00e4\u00dfige Updates!\t\t\t\t\t\t\t\t<\/div>\n\t\t\t\t<\/div>\n\t\t\t\t<div class=\"elementor-element elementor-element-43852338 elementor-align-left elementor-mobile-align-left pink-img elementor-widget elementor-widget-button\" data-id=\"43852338\" data-element_type=\"widget\" data-e-type=\"widget\" data-widget_type=\"button.default\">\n\t\t\t\t<div class=\"elementor-widget-container\">\n\t\t\t\t\t\t\t\t\t<div class=\"elementor-button-wrapper\">\n\t\t\t\t\t<a class=\"elementor-button elementor-button-link elementor-size-sm\" href=\"https:\/\/www.instagram.com\/42wolfsburg\/\" target=\"_blank\">\n\t\t\t\t\t\t<span class=\"elementor-button-content-wrapper\">\n\t\t\t\t\t\t\t\t\t<span class=\"elementor-button-text\">Instagram<\/span>\n\t\t\t\t\t<\/span>\n\t\t\t\t\t<\/a>\n\t\t\t\t<\/div>\n\t\t\t\t\t\t\t\t<\/div>\n\t\t\t\t<\/div>\n\t\t\t\t\t<\/div>\n\t\t\t\t<\/div>\n\t\t\t\t\t<\/div>\n\t\t\t\t<\/div>\n\t\t\t\t\t<\/div>\n\t\t\t\t<\/div>\n\t\t\t\t<\/div>","protected":false},"excerpt":{"rendered":"<p>Explore the empowering journey of women at 42 Wolfsburg&#8217;s Discovery Piscine. This blog delves into their transformative experience in web development, highlighting the importance of diversity in tech. Read firsthand accounts of their learning, collaboration, and growth in a dynamic, supportive environment.<\/p>","protected":false},"author":4,"featured_media":3724,"parent":0,"menu_order":0,"comment_status":"closed","ping_status":"closed","template":"","meta":{"footnotes":""},"class_list":["post-3722","page","type-page","status-publish","has-post-thumbnail","hentry"],"yoast_head":"<!-- This site is optimized with the Yoast SEO plugin v26.3 - https:\/\/yoast.com\/wordpress\/plugins\/seo\/ -->\n<title>Bridging the Tech Gender Gap\u00a0 - 42 Wolfsburg<\/title>\n<meta name=\"robots\" content=\"index, follow, max-snippet:-1, max-image-preview:large, max-video-preview:-1\" \/>\n<link rel=\"canonical\" href=\"https:\/\/42wolfsburg.de\/de\/bridging-the-tech-gender-gap\/\" \/>\n<meta property=\"og:locale\" content=\"de_DE\" \/>\n<meta property=\"og:type\" content=\"article\" \/>\n<meta property=\"og:title\" content=\"Bridging the Tech Gender Gap\u00a0 - 42 Wolfsburg\" \/>\n<meta property=\"og:description\" content=\"Explore the empowering journey of women at 42 Wolfsburg&#039;s Discovery Piscine. This blog delves into their transformative experience in web development, highlighting the importance of diversity in tech. Read firsthand accounts of their learning, collaboration, and growth in a dynamic, supportive environment.\" \/>\n<meta property=\"og:url\" content=\"https:\/\/42wolfsburg.de\/de\/bridging-the-tech-gender-gap\/\" \/>\n<meta property=\"og:site_name\" content=\"42 Wolfsburg\" \/>\n<meta property=\"article:modified_time\" content=\"2026-04-07T08:45:41+00:00\" \/>\n<meta property=\"og:image\" content=\"https:\/\/42wolfsburg.de\/wp-content\/uploads\/2024\/01\/IMG_3641-scaled.jpg\" \/>\n\t<meta property=\"og:image:width\" content=\"2560\" \/>\n\t<meta property=\"og:image:height\" content=\"1920\" \/>\n\t<meta property=\"og:image:type\" content=\"image\/jpeg\" \/>\n<meta name=\"twitter:card\" content=\"summary_large_image\" \/>\n<meta name=\"twitter:label1\" content=\"Gesch\u00e4tzte Lesezeit\" \/>\n\t<meta name=\"twitter:data1\" content=\"3\u00a0Minuten\" \/>\n<script type=\"application\/ld+json\" class=\"yoast-schema-graph\">{\"@context\":\"https:\/\/schema.org\",\"@graph\":[{\"@type\":\"WebPage\",\"@id\":\"https:\/\/42wolfsburg.de\/bridging-the-tech-gender-gap\/\",\"url\":\"https:\/\/42wolfsburg.de\/bridging-the-tech-gender-gap\/\",\"name\":\"Bridging the Tech Gender Gap\u00a0 - 42 Wolfsburg\",\"isPartOf\":{\"@id\":\"https:\/\/42wolfsburg.de\/#website\"},\"primaryImageOfPage\":{\"@id\":\"https:\/\/42wolfsburg.de\/bridging-the-tech-gender-gap\/#primaryimage\"},\"image\":{\"@id\":\"https:\/\/42wolfsburg.de\/bridging-the-tech-gender-gap\/#primaryimage\"},\"thumbnailUrl\":\"https:\/\/42wolfsburg.de\/wp-content\/uploads\/2024\/01\/IMG_3641-scaled.jpg\",\"datePublished\":\"2024-01-23T15:18:26+00:00\",\"dateModified\":\"2026-04-07T08:45:41+00:00\",\"breadcrumb\":{\"@id\":\"https:\/\/42wolfsburg.de\/bridging-the-tech-gender-gap\/#breadcrumb\"},\"inLanguage\":\"de\",\"potentialAction\":[{\"@type\":\"ReadAction\",\"target\":[\"https:\/\/42wolfsburg.de\/bridging-the-tech-gender-gap\/\"]}]},{\"@type\":\"ImageObject\",\"inLanguage\":\"de\",\"@id\":\"https:\/\/42wolfsburg.de\/bridging-the-tech-gender-gap\/#primaryimage\",\"url\":\"https:\/\/42wolfsburg.de\/wp-content\/uploads\/2024\/01\/IMG_3641-scaled.jpg\",\"contentUrl\":\"https:\/\/42wolfsburg.de\/wp-content\/uploads\/2024\/01\/IMG_3641-scaled.jpg\",\"width\":2560,\"height\":1920,\"caption\":\"#image_title\"},{\"@type\":\"BreadcrumbList\",\"@id\":\"https:\/\/42wolfsburg.de\/bridging-the-tech-gender-gap\/#breadcrumb\",\"itemListElement\":[{\"@type\":\"ListItem\",\"position\":1,\"name\":\"Home\",\"item\":\"https:\/\/42wolfsburg.de\/\"},{\"@type\":\"ListItem\",\"position\":2,\"name\":\"Bridging the Tech Gender Gap\u00a0\"}]},{\"@type\":\"WebSite\",\"@id\":\"https:\/\/42wolfsburg.de\/#website\",\"url\":\"https:\/\/42wolfsburg.de\/\",\"name\":\"42 Wolfsburg\",\"description\":\"Coding School\",\"publisher\":{\"@id\":\"https:\/\/42wolfsburg.de\/#organization\"},\"potentialAction\":[{\"@type\":\"SearchAction\",\"target\":{\"@type\":\"EntryPoint\",\"urlTemplate\":\"https:\/\/42wolfsburg.de\/?s={search_term_string}\"},\"query-input\":{\"@type\":\"PropertyValueSpecification\",\"valueRequired\":true,\"valueName\":\"search_term_string\"}}],\"inLanguage\":\"de\"},{\"@type\":\"Organization\",\"@id\":\"https:\/\/42wolfsburg.de\/#organization\",\"name\":\"42 Wolfsburg\",\"url\":\"https:\/\/42wolfsburg.de\/\",\"logo\":{\"@type\":\"ImageObject\",\"inLanguage\":\"de\",\"@id\":\"https:\/\/42wolfsburg.de\/#\/schema\/logo\/image\/\",\"url\":\"https:\/\/42wolfsburg.de\/wp-content\/uploads\/2024\/08\/42Wolfsburg_Logo_ver_pos_black_RGB.png\",\"contentUrl\":\"https:\/\/42wolfsburg.de\/wp-content\/uploads\/2024\/08\/42Wolfsburg_Logo_ver_pos_black_RGB.png\",\"width\":591,\"height\":591,\"caption\":\"42 Wolfsburg\"},\"image\":{\"@id\":\"https:\/\/42wolfsburg.de\/#\/schema\/logo\/image\/\"}}]}<\/script>\n<!-- \/ Yoast SEO plugin. -->","yoast_head_json":{"title":"Bridging the Tech Gender Gap\u00a0 - 42 Wolfsburg","robots":{"index":"index","follow":"follow","max-snippet":"max-snippet:-1","max-image-preview":"max-image-preview:large","max-video-preview":"max-video-preview:-1"},"canonical":"https:\/\/42wolfsburg.de\/de\/bridging-the-tech-gender-gap\/","og_locale":"de_DE","og_type":"article","og_title":"Bridging the Tech Gender Gap\u00a0 - 42 Wolfsburg","og_description":"Explore the empowering journey of women at 42 Wolfsburg's Discovery Piscine. This blog delves into their transformative experience in web development, highlighting the importance of diversity in tech. Read firsthand accounts of their learning, collaboration, and growth in a dynamic, supportive environment.","og_url":"https:\/\/42wolfsburg.de\/de\/bridging-the-tech-gender-gap\/","og_site_name":"42 Wolfsburg","article_modified_time":"2026-04-07T08:45:41+00:00","og_image":[{"width":2560,"height":1920,"url":"https:\/\/42wolfsburg.de\/wp-content\/uploads\/2024\/01\/IMG_3641-scaled.jpg","type":"image\/jpeg"}],"twitter_card":"summary_large_image","twitter_misc":{"Gesch\u00e4tzte Lesezeit":"3\u00a0Minuten"},"schema":{"@context":"https:\/\/schema.org","@graph":[{"@type":"WebPage","@id":"https:\/\/42wolfsburg.de\/bridging-the-tech-gender-gap\/","url":"https:\/\/42wolfsburg.de\/bridging-the-tech-gender-gap\/","name":"Bridging the Tech Gender Gap\u00a0 - 42 Wolfsburg","isPartOf":{"@id":"https:\/\/42wolfsburg.de\/#website"},"primaryImageOfPage":{"@id":"https:\/\/42wolfsburg.de\/bridging-the-tech-gender-gap\/#primaryimage"},"image":{"@id":"https:\/\/42wolfsburg.de\/bridging-the-tech-gender-gap\/#primaryimage"},"thumbnailUrl":"https:\/\/42wolfsburg.de\/wp-content\/uploads\/2024\/01\/IMG_3641-scaled.jpg","datePublished":"2024-01-23T15:18:26+00:00","dateModified":"2026-04-07T08:45:41+00:00","breadcrumb":{"@id":"https:\/\/42wolfsburg.de\/bridging-the-tech-gender-gap\/#breadcrumb"},"inLanguage":"de","potentialAction":[{"@type":"ReadAction","target":["https:\/\/42wolfsburg.de\/bridging-the-tech-gender-gap\/"]}]},{"@type":"ImageObject","inLanguage":"de","@id":"https:\/\/42wolfsburg.de\/bridging-the-tech-gender-gap\/#primaryimage","url":"https:\/\/42wolfsburg.de\/wp-content\/uploads\/2024\/01\/IMG_3641-scaled.jpg","contentUrl":"https:\/\/42wolfsburg.de\/wp-content\/uploads\/2024\/01\/IMG_3641-scaled.jpg","width":2560,"height":1920,"caption":"#image_title"},{"@type":"BreadcrumbList","@id":"https:\/\/42wolfsburg.de\/bridging-the-tech-gender-gap\/#breadcrumb","itemListElement":[{"@type":"ListItem","position":1,"name":"Home","item":"https:\/\/42wolfsburg.de\/"},{"@type":"ListItem","position":2,"name":"Bridging the Tech Gender Gap\u00a0"}]},{"@type":"WebSite","@id":"https:\/\/42wolfsburg.de\/#website","url":"https:\/\/42wolfsburg.de\/","name":"42 Wolfsburg","description":"Coding School","publisher":{"@id":"https:\/\/42wolfsburg.de\/#organization"},"potentialAction":[{"@type":"SearchAction","target":{"@type":"EntryPoint","urlTemplate":"https:\/\/42wolfsburg.de\/?s={search_term_string}"},"query-input":{"@type":"PropertyValueSpecification","valueRequired":true,"valueName":"search_term_string"}}],"inLanguage":"de"},{"@type":"Organization","@id":"https:\/\/42wolfsburg.de\/#organization","name":"42 Wolfsburg","url":"https:\/\/42wolfsburg.de\/","logo":{"@type":"ImageObject","inLanguage":"de","@id":"https:\/\/42wolfsburg.de\/#\/schema\/logo\/image\/","url":"https:\/\/42wolfsburg.de\/wp-content\/uploads\/2024\/08\/42Wolfsburg_Logo_ver_pos_black_RGB.png","contentUrl":"https:\/\/42wolfsburg.de\/wp-content\/uploads\/2024\/08\/42Wolfsburg_Logo_ver_pos_black_RGB.png","width":591,"height":591,"caption":"42 Wolfsburg"},"image":{"@id":"https:\/\/42wolfsburg.de\/#\/schema\/logo\/image\/"}}]}},"_links":{"self":[{"href":"https:\/\/42wolfsburg.de\/de\/wp-json\/wp\/v2\/pages\/3722","targetHints":{"allow":["GET"]}}],"collection":[{"href":"https:\/\/42wolfsburg.de\/de\/wp-json\/wp\/v2\/pages"}],"about":[{"href":"https:\/\/42wolfsburg.de\/de\/wp-json\/wp\/v2\/types\/page"}],"author":[{"embeddable":true,"href":"https:\/\/42wolfsburg.de\/de\/wp-json\/wp\/v2\/users\/4"}],"replies":[{"embeddable":true,"href":"https:\/\/42wolfsburg.de\/de\/wp-json\/wp\/v2\/comments?post=3722"}],"version-history":[{"count":3,"href":"https:\/\/42wolfsburg.de\/de\/wp-json\/wp\/v2\/pages\/3722\/revisions"}],"predecessor-version":[{"id":7118,"href":"https:\/\/42wolfsburg.de\/de\/wp-json\/wp\/v2\/pages\/3722\/revisions\/7118"}],"wp:featuredmedia":[{"embeddable":true,"href":"https:\/\/42wolfsburg.de\/de\/wp-json\/wp\/v2\/media\/3724"}],"wp:attachment":[{"href":"https:\/\/42wolfsburg.de\/de\/wp-json\/wp\/v2\/media?parent=3722"}],"curies":[{"name":"wp","href":"https:\/\/api.w.org\/{rel}","templated":true}]}}