{"id":3818,"date":"2024-02-21T18:50:14","date_gmt":"2024-02-21T18:50:14","guid":{"rendered":"https:\/\/42wolfsburg.de\/?page_id=3818"},"modified":"2026-04-07T08:44:12","modified_gmt":"2026-04-07T08:44:12","slug":"charting-new-paths-insights-from-pietro-a-42-alumnus","status":"publish","type":"page","link":"https:\/\/42wolfsburg.de\/de\/charting-new-paths-insights-from-pietro-a-42-alumnus\/","title":{"rendered":"Charting New Paths: Insights from Pietro, a 42 Alumnus"},"content":{"rendered":"<div data-elementor-type=\"wp-page\" data-elementor-id=\"3818\" class=\"elementor elementor-3818\" data-elementor-post-type=\"page\">\n\t\t\t\t<div class=\"elementor-element elementor-element-4984ce5e e-flex e-con-boxed e-con e-parent\" data-id=\"4984ce5e\" data-element_type=\"container\" data-e-type=\"container\">\n\t\t\t\t\t<div class=\"e-con-inner\">\n\t\t<div class=\"elementor-element elementor-element-578490 e-con-full e-flex e-con e-child\" data-id=\"578490\" data-element_type=\"container\" data-e-type=\"container\">\n\t\t\t\t<div class=\"elementor-element elementor-element-51bca590 elementor-widget__width-initial elementor-widget elementor-widget-image\" data-id=\"51bca590\" data-element_type=\"widget\" data-e-type=\"widget\" data-widget_type=\"image.default\">\n\t\t\t\t<div class=\"elementor-widget-container\">\n\t\t\t\t\t\t\t\t\t\t\t\t\t\t\t<img fetchpriority=\"high\" decoding=\"async\" width=\"2560\" height=\"1708\" src=\"https:\/\/42wolfsburg.de\/wp-content\/uploads\/2024\/02\/Lexmouth-20220811-9840-scaled.jpg\" class=\"attachment-full size-full wp-image-3820\" alt=\"\" srcset=\"https:\/\/42wolfsburg.de\/wp-content\/uploads\/2024\/02\/Lexmouth-20220811-9840-scaled.jpg 2560w, https:\/\/42wolfsburg.de\/wp-content\/uploads\/2024\/02\/Lexmouth-20220811-9840-300x200.jpg 300w, https:\/\/42wolfsburg.de\/wp-content\/uploads\/2024\/02\/Lexmouth-20220811-9840-1024x683.jpg 1024w, https:\/\/42wolfsburg.de\/wp-content\/uploads\/2024\/02\/Lexmouth-20220811-9840-768x512.jpg 768w, https:\/\/42wolfsburg.de\/wp-content\/uploads\/2024\/02\/Lexmouth-20220811-9840-1536x1025.jpg 1536w, https:\/\/42wolfsburg.de\/wp-content\/uploads\/2024\/02\/Lexmouth-20220811-9840-2048x1366.jpg 2048w, https:\/\/42wolfsburg.de\/wp-content\/uploads\/2024\/02\/Lexmouth-20220811-9840-18x12.jpg 18w\" sizes=\"(max-width: 2560px) 100vw, 2560px\" \/>\t\t\t\t\t\t\t\t\t\t\t\t\t\t\t<\/div>\n\t\t\t\t<\/div>\n\t\t\t\t<\/div>\n\t\t\t\t\t<\/div>\n\t\t\t\t<\/div>\n\t\t<div class=\"elementor-element elementor-element-1d4ac103 e-flex e-con-boxed e-con e-parent\" data-id=\"1d4ac103\" data-element_type=\"container\" data-e-type=\"container\">\n\t\t\t\t\t<div class=\"e-con-inner\">\n\t\t<div class=\"elementor-element elementor-element-4a8b9e28 e-con-full e-flex e-con e-child\" data-id=\"4a8b9e28\" data-element_type=\"container\" data-e-type=\"container\">\n\t\t\t\t<\/div>\n\t\t<div class=\"elementor-element elementor-element-169cd080 e-flex e-con-boxed e-con e-child\" data-id=\"169cd080\" data-element_type=\"container\" data-e-type=\"container\">\n\t\t\t\t\t<div class=\"e-con-inner\">\n\t\t\t\t<div class=\"elementor-element elementor-element-7c13ce77 elementor-widget elementor-widget-heading\" data-id=\"7c13ce77\" data-element_type=\"widget\" data-e-type=\"widget\" data-settings=\"{&quot;_animation_mobile&quot;:&quot;fadeInUp&quot;}\" data-widget_type=\"heading.default\">\n\t\t\t\t<div class=\"elementor-widget-container\">\n\t\t\t\t\t<h2 class=\"elementor-heading-title elementor-size-default\">Charting New Paths: <\/br> Insights from Pietro, a 42 Alumnus<\/h2>\t\t\t\t<\/div>\n\t\t\t\t<\/div>\n\t\t\t\t<div class=\"elementor-element elementor-element-2271ab5f elementor-widget-mobile__width-initial elementor-widget elementor-widget-text-editor\" data-id=\"2271ab5f\" data-element_type=\"widget\" data-e-type=\"widget\" data-widget_type=\"text-editor.default\">\n\t\t\t\t<div class=\"elementor-widget-container\">\n\t\t\t\t\t\t\t\t\t<p class=\"p1\"><b>In the dynamic and ever-evolving world of technology, the path to becoming a software engineer is as diverse and unique as the individuals who pursue it. Today, we&#8217;re exploring the journey of Pietro Nuti, a 42 Wolfsburg alumnus. His story takes us from the structured world of urban planning in Cagliari, Italy, to the innovative and complex realm of software engineering.<\/b><\/p>\n<p class=\"p1\">Pietro&#8217;s initial intrigue with coding sparked at the age of 15. However, the lack of a structured learning path led him to set aside his coding dreams temporarily, pursuing a Master\u2019s in Urban Planning instead. It wasn&#8217;t until a move to Berlin, coupled with the challenges of the job market, that Pietro&#8217;s interest in software engineering rekindled, thanks to an Instagram ad for 42 Wolfsburg.<\/p>\n<h5 class=\"p1\"><b>Interview with Pietro<\/b><\/h5>\n<p class=\"p1\"><i><b>Why did you choose to code?<\/b><\/i><\/p>\n<p class=\"p1\">&#8220;My path to software engineering wasn&#8217;t straightforward. I&#8217;ve been interested in coding since I was 15, but I lacked a structured program to guide me. After high school, I shifted to architecture, completing my Master\u2019s in Urban Planning. Moving to Berlin and struggling to find a job was a turning point. That&#8217;s when I discovered 42 Wolfsburg&#8217;s ad for a C-based, no-cost curriculum, and I decided to give software engineering another shot. The rest, as they say, is history.&#8221;<\/p>\n<p class=\"p1\"><i><b>What was your experience at 42 like?<\/b><\/i><\/p>\n<p class=\"p1\">&#8220;The learning curve at 42 is consistently steep, yet the projects are approachable. This environment taught me the crucial skill of learning how to learn, invaluable for both specialization and my day-to-day job. Although based in Berlin, I couldn&#8217;t engage daily on-site, but the vibrant online community of 42 was a significant aspect of my experience.&#8221;<\/p>\n<p class=\"p1\"><i><b>How did you find your opportunity at Capgemini?<\/b><\/i><\/p>\n<p class=\"p1\">&#8220;As I was completing my last two projects at 42, I started applying for internships. Capgemini responded quickly, and after two interview rounds, I accepted their offer. My internship involved working on a C language project and a Java project. The C project was challenging due to its vast codebase and complex business logic. However, my prior experience in C++ made the transition to Java smoother than expected. At the end of my internship, I secured a full-time position as a Software Engineer with Capgemini.&#8221;<\/p>\n<p class=\"p1\"><i><b>In summary, what were your key takeaways from 42?<\/b><\/i><\/p>\n<p class=\"p1\">&#8220;The most significant aspect of 42 for me was the attitude towards problem-solving and embracing new concepts. The curriculum and the community environment were instrumental in building this positive approach. Additionally, the technical skills I acquired were crucial. The curriculum is designed to empower students to build from the ground up, equipping me with essential software engineering skills like coding, system administration, OOP, and full-stack programming.&#8221;<\/p>\t\t\t\t\t\t\t\t<\/div>\n\t\t\t\t<\/div>\n\t\t\t\t<div class=\"elementor-element elementor-element-5a50c4f elementor-widget-mobile__width-initial elementor-widget elementor-widget-text-editor\" data-id=\"5a50c4f\" data-element_type=\"widget\" data-e-type=\"widget\" data-widget_type=\"text-editor.default\">\n\t\t\t\t<div class=\"elementor-widget-container\">\n\t\t\t\t\t\t\t\t\t<p class=\"p1\">Pietro&#8217;s journey from urban planning to software engineering is a testament to his adaptability and eagerness to learn. At 42 Wolfsburg, he didn&#8217;t just gain technical skills; he developed a mindset geared towards solving real-world tech challenges. As he advances in his career, Pietro continues to demonstrate the practical and adaptable approach nurtured at 42.<\/p><h5><span style=\"font-size: 16px;\">Interested in starting your own tech journey? <\/span><a style=\"font-size: 16px;\" href=\"https:\/\/42wolfsburg.de\/de\/apply-now\/\"><strong>Jetzt bewerben<\/strong><\/a><span style=\"font-size: 16px;\"> to join our community.<\/span><\/h5>\t\t\t\t\t\t\t\t<\/div>\n\t\t\t\t<\/div>\n\t\t\t\t\t<\/div>\n\t\t\t\t<\/div>\n\t\t<div class=\"elementor-element elementor-element-7752b6c3 e-con-full e-flex e-con e-child\" data-id=\"7752b6c3\" data-element_type=\"container\" data-e-type=\"container\">\n\t\t\t\t<\/div>\n\t\t\t\t\t<\/div>\n\t\t\t\t<\/div>\n\t\t<div class=\"elementor-element elementor-element-4f187190 e-flex e-con-boxed e-con e-parent\" data-id=\"4f187190\" data-element_type=\"container\" data-e-type=\"container\">\n\t\t\t\t\t<div class=\"e-con-inner\">\n\t\t<div class=\"elementor-element elementor-element-5f209429 elementor-hidden-mobile e-flex e-con-boxed e-con e-child\" data-id=\"5f209429\" data-element_type=\"container\" data-e-type=\"container\" data-settings=\"{&quot;background_background&quot;:&quot;classic&quot;}\">\n\t\t\t\t\t<div class=\"e-con-inner\">\n\t\t\t\t<div class=\"elementor-element elementor-element-624622de elementor-widget elementor-widget-heading\" data-id=\"624622de\" data-element_type=\"widget\" data-e-type=\"widget\" data-widget_type=\"heading.default\">\n\t\t\t\t<div class=\"elementor-widget-container\">\n\t\t\t\t\t<h2 class=\"elementor-heading-title elementor-size-default\">Bleib auf dem Laufenden...<\/h2>\t\t\t\t<\/div>\n\t\t\t\t<\/div>\n\t\t\t\t<div class=\"elementor-element elementor-element-4527c2e2 elementor-widget elementor-widget-text-editor\" data-id=\"4527c2e2\" data-element_type=\"widget\" data-e-type=\"widget\" data-widget_type=\"text-editor.default\">\n\t\t\t\t<div class=\"elementor-widget-container\">\n\t\t\t\t\t\t\t\t\tFolge uns auf Instagram f\u00fcr regelm\u00e4\u00dfige Updates!\t\t\t\t\t\t\t\t<\/div>\n\t\t\t\t<\/div>\n\t\t\t\t<div class=\"elementor-element elementor-element-1cce244a elementor-align-left elementor-mobile-align-left pink-img elementor-widget elementor-widget-button\" data-id=\"1cce244a\" data-element_type=\"widget\" data-e-type=\"widget\" data-widget_type=\"button.default\">\n\t\t\t\t<div class=\"elementor-widget-container\">\n\t\t\t\t\t\t\t\t\t<div class=\"elementor-button-wrapper\">\n\t\t\t\t\t<a class=\"elementor-button elementor-button-link elementor-size-sm\" href=\"https:\/\/www.instagram.com\/42wolfsburg\/\" target=\"_blank\">\n\t\t\t\t\t\t<span class=\"elementor-button-content-wrapper\">\n\t\t\t\t\t\t\t\t\t<span class=\"elementor-button-text\">Instagram<\/span>\n\t\t\t\t\t<\/span>\n\t\t\t\t\t<\/a>\n\t\t\t\t<\/div>\n\t\t\t\t\t\t\t\t<\/div>\n\t\t\t\t<\/div>\n\t\t\t\t\t<\/div>\n\t\t\t\t<\/div>\n\t\t<div class=\"elementor-element elementor-element-487e44f4 elementor-hidden-desktop elementor-hidden-tablet e-flex e-con-boxed e-con e-child\" data-id=\"487e44f4\" data-element_type=\"container\" data-e-type=\"container\">\n\t\t\t\t\t<div class=\"e-con-inner\">\n\t\t<div class=\"elementor-element elementor-element-168e652d e-con-full e-flex e-con e-child\" data-id=\"168e652d\" data-element_type=\"container\" data-e-type=\"container\" data-settings=\"{&quot;background_background&quot;:&quot;classic&quot;}\">\n\t\t\t\t<div class=\"elementor-element elementor-element-76836cd3 elementor-widget elementor-widget-image\" data-id=\"76836cd3\" data-element_type=\"widget\" data-e-type=\"widget\" data-widget_type=\"image.default\">\n\t\t\t\t<div class=\"elementor-widget-container\">\n\t\t\t\t\t\t\t\t\t\t\t\t\t\t\t<img decoding=\"async\" width=\"800\" height=\"401\" src=\"https:\/\/42wolfsburg.de\/wp-content\/uploads\/2023\/07\/Union-2-1024x513.png\" class=\"attachment-large size-large wp-image-994\" alt=\"\" srcset=\"https:\/\/42wolfsburg.de\/wp-content\/uploads\/2023\/07\/Union-2-1024x513.png 1024w, https:\/\/42wolfsburg.de\/wp-content\/uploads\/2023\/07\/Union-2-300x150.png 300w, https:\/\/42wolfsburg.de\/wp-content\/uploads\/2023\/07\/Union-2-768x385.png 768w, https:\/\/42wolfsburg.de\/wp-content\/uploads\/2023\/07\/Union-2.png 1115w\" sizes=\"(max-width: 800px) 100vw, 800px\" \/>\t\t\t\t\t\t\t\t\t\t\t\t\t\t\t<\/div>\n\t\t\t\t<\/div>\n\t\t\t\t<\/div>\n\t\t<div class=\"elementor-element elementor-element-6aeaa4cd e-flex e-con-boxed e-con e-child\" data-id=\"6aeaa4cd\" data-element_type=\"container\" data-e-type=\"container\" data-settings=\"{&quot;background_background&quot;:&quot;classic&quot;}\">\n\t\t\t\t\t<div class=\"e-con-inner\">\n\t\t\t\t<div class=\"elementor-element elementor-element-8042e8d elementor-widget elementor-widget-heading\" data-id=\"8042e8d\" data-element_type=\"widget\" data-e-type=\"widget\" data-settings=\"{&quot;_animation_mobile&quot;:&quot;fadeInUp&quot;}\" data-widget_type=\"heading.default\">\n\t\t\t\t<div class=\"elementor-widget-container\">\n\t\t\t\t\t<h2 class=\"elementor-heading-title elementor-size-default\">Bleib auf dem Laufenden...<\/h2>\t\t\t\t<\/div>\n\t\t\t\t<\/div>\n\t\t\t\t<div class=\"elementor-element elementor-element-a8917d5 elementor-widget elementor-widget-text-editor\" data-id=\"a8917d5\" data-element_type=\"widget\" data-e-type=\"widget\" data-widget_type=\"text-editor.default\">\n\t\t\t\t<div class=\"elementor-widget-container\">\n\t\t\t\t\t\t\t\t\tFolge uns auf Instagram f\u00fcr regelm\u00e4\u00dfige Updates!\t\t\t\t\t\t\t\t<\/div>\n\t\t\t\t<\/div>\n\t\t\t\t<div class=\"elementor-element elementor-element-43852338 elementor-align-left elementor-mobile-align-left pink-img elementor-widget elementor-widget-button\" data-id=\"43852338\" data-element_type=\"widget\" data-e-type=\"widget\" data-widget_type=\"button.default\">\n\t\t\t\t<div class=\"elementor-widget-container\">\n\t\t\t\t\t\t\t\t\t<div class=\"elementor-button-wrapper\">\n\t\t\t\t\t<a class=\"elementor-button elementor-button-link elementor-size-sm\" href=\"https:\/\/www.instagram.com\/42wolfsburg\/\" target=\"_blank\">\n\t\t\t\t\t\t<span class=\"elementor-button-content-wrapper\">\n\t\t\t\t\t\t\t\t\t<span class=\"elementor-button-text\">Instagram<\/span>\n\t\t\t\t\t<\/span>\n\t\t\t\t\t<\/a>\n\t\t\t\t<\/div>\n\t\t\t\t\t\t\t\t<\/div>\n\t\t\t\t<\/div>\n\t\t\t\t\t<\/div>\n\t\t\t\t<\/div>\n\t\t\t\t\t<\/div>\n\t\t\t\t<\/div>\n\t\t\t\t\t<\/div>\n\t\t\t\t<\/div>\n\t\t\t\t<\/div>","protected":false},"excerpt":{"rendered":"<p>Discover Pietro Nuti&#8217;s inspiring career change from urban planning to software engineering in our latest blog, piece. Learn how Pietro&#8217;s passion for coding, reignited by 42&#8217;s innovative curriculum, led him to a thriving career at Capgemini. <\/p>","protected":false},"author":4,"featured_media":3820,"parent":0,"menu_order":0,"comment_status":"closed","ping_status":"closed","template":"","meta":{"footnotes":""},"class_list":["post-3818","page","type-page","status-publish","has-post-thumbnail","hentry"],"yoast_head":"<!-- This site is optimized with the Yoast SEO plugin v26.3 - https:\/\/yoast.com\/wordpress\/plugins\/seo\/ -->\n<title>Charting New Paths: Insights from Pietro, a 42 Alumnus<\/title>\n<meta name=\"robots\" content=\"index, follow, max-snippet:-1, max-image-preview:large, max-video-preview:-1\" \/>\n<link rel=\"canonical\" href=\"https:\/\/42wolfsburg.de\/de\/charting-new-paths-insights-from-pietro-a-42-alumnus\/\" \/>\n<meta property=\"og:locale\" content=\"de_DE\" \/>\n<meta property=\"og:type\" content=\"article\" \/>\n<meta property=\"og:title\" content=\"Charting New Paths: Insights from Pietro, a 42 Alumnus\" \/>\n<meta property=\"og:description\" content=\"Discover Pietro Nuti&#039;s inspiring career change from urban planning to software engineering in our latest blog, piece. Learn how Pietro&#039;s passion for coding, reignited by 42&#039;s innovative curriculum, led him to a thriving career at Capgemini.\" \/>\n<meta property=\"og:url\" content=\"https:\/\/42wolfsburg.de\/de\/charting-new-paths-insights-from-pietro-a-42-alumnus\/\" \/>\n<meta property=\"og:site_name\" content=\"42 Wolfsburg\" \/>\n<meta property=\"article:modified_time\" content=\"2026-04-07T08:44:12+00:00\" \/>\n<meta property=\"og:image\" content=\"https:\/\/42wolfsburg.de\/wp-content\/uploads\/2024\/02\/Lexmouth-20220811-9840-scaled.jpg\" \/>\n\t<meta property=\"og:image:width\" content=\"2560\" \/>\n\t<meta property=\"og:image:height\" content=\"1708\" \/>\n\t<meta property=\"og:image:type\" content=\"image\/jpeg\" \/>\n<meta name=\"twitter:card\" content=\"summary_large_image\" \/>\n<meta name=\"twitter:label1\" content=\"Gesch\u00e4tzte Lesezeit\" \/>\n\t<meta name=\"twitter:data1\" content=\"3\u00a0Minuten\" \/>\n<script type=\"application\/ld+json\" class=\"yoast-schema-graph\">{\"@context\":\"https:\/\/schema.org\",\"@graph\":[{\"@type\":\"WebPage\",\"@id\":\"https:\/\/42wolfsburg.de\/charting-new-paths-insights-from-pietro-a-42-alumnus\/\",\"url\":\"https:\/\/42wolfsburg.de\/charting-new-paths-insights-from-pietro-a-42-alumnus\/\",\"name\":\"Charting New Paths: Insights from Pietro, a 42 Alumnus\",\"isPartOf\":{\"@id\":\"https:\/\/42wolfsburg.de\/#website\"},\"primaryImageOfPage\":{\"@id\":\"https:\/\/42wolfsburg.de\/charting-new-paths-insights-from-pietro-a-42-alumnus\/#primaryimage\"},\"image\":{\"@id\":\"https:\/\/42wolfsburg.de\/charting-new-paths-insights-from-pietro-a-42-alumnus\/#primaryimage\"},\"thumbnailUrl\":\"https:\/\/42wolfsburg.de\/wp-content\/uploads\/2024\/02\/Lexmouth-20220811-9840-scaled.jpg\",\"datePublished\":\"2024-02-21T18:50:14+00:00\",\"dateModified\":\"2026-04-07T08:44:12+00:00\",\"breadcrumb\":{\"@id\":\"https:\/\/42wolfsburg.de\/charting-new-paths-insights-from-pietro-a-42-alumnus\/#breadcrumb\"},\"inLanguage\":\"de\",\"potentialAction\":[{\"@type\":\"ReadAction\",\"target\":[\"https:\/\/42wolfsburg.de\/charting-new-paths-insights-from-pietro-a-42-alumnus\/\"]}]},{\"@type\":\"ImageObject\",\"inLanguage\":\"de\",\"@id\":\"https:\/\/42wolfsburg.de\/charting-new-paths-insights-from-pietro-a-42-alumnus\/#primaryimage\",\"url\":\"https:\/\/42wolfsburg.de\/wp-content\/uploads\/2024\/02\/Lexmouth-20220811-9840-scaled.jpg\",\"contentUrl\":\"https:\/\/42wolfsburg.de\/wp-content\/uploads\/2024\/02\/Lexmouth-20220811-9840-scaled.jpg\",\"width\":2560,\"height\":1708,\"caption\":\"#image_title\"},{\"@type\":\"BreadcrumbList\",\"@id\":\"https:\/\/42wolfsburg.de\/charting-new-paths-insights-from-pietro-a-42-alumnus\/#breadcrumb\",\"itemListElement\":[{\"@type\":\"ListItem\",\"position\":1,\"name\":\"Home\",\"item\":\"https:\/\/42wolfsburg.de\/\"},{\"@type\":\"ListItem\",\"position\":2,\"name\":\"Charting New Paths: Insights from Pietro, a 42 Alumnus\"}]},{\"@type\":\"WebSite\",\"@id\":\"https:\/\/42wolfsburg.de\/#website\",\"url\":\"https:\/\/42wolfsburg.de\/\",\"name\":\"42 Wolfsburg\",\"description\":\"Coding School\",\"publisher\":{\"@id\":\"https:\/\/42wolfsburg.de\/#organization\"},\"potentialAction\":[{\"@type\":\"SearchAction\",\"target\":{\"@type\":\"EntryPoint\",\"urlTemplate\":\"https:\/\/42wolfsburg.de\/?s={search_term_string}\"},\"query-input\":{\"@type\":\"PropertyValueSpecification\",\"valueRequired\":true,\"valueName\":\"search_term_string\"}}],\"inLanguage\":\"de\"},{\"@type\":\"Organization\",\"@id\":\"https:\/\/42wolfsburg.de\/#organization\",\"name\":\"42 Wolfsburg\",\"url\":\"https:\/\/42wolfsburg.de\/\",\"logo\":{\"@type\":\"ImageObject\",\"inLanguage\":\"de\",\"@id\":\"https:\/\/42wolfsburg.de\/#\/schema\/logo\/image\/\",\"url\":\"https:\/\/42wolfsburg.de\/wp-content\/uploads\/2024\/08\/42Wolfsburg_Logo_ver_pos_black_RGB.png\",\"contentUrl\":\"https:\/\/42wolfsburg.de\/wp-content\/uploads\/2024\/08\/42Wolfsburg_Logo_ver_pos_black_RGB.png\",\"width\":591,\"height\":591,\"caption\":\"42 Wolfsburg\"},\"image\":{\"@id\":\"https:\/\/42wolfsburg.de\/#\/schema\/logo\/image\/\"}}]}<\/script>\n<!-- \/ Yoast SEO plugin. -->","yoast_head_json":{"title":"Charting New Paths: Insights from Pietro, a 42 Alumnus","robots":{"index":"index","follow":"follow","max-snippet":"max-snippet:-1","max-image-preview":"max-image-preview:large","max-video-preview":"max-video-preview:-1"},"canonical":"https:\/\/42wolfsburg.de\/de\/charting-new-paths-insights-from-pietro-a-42-alumnus\/","og_locale":"de_DE","og_type":"article","og_title":"Charting New Paths: Insights from Pietro, a 42 Alumnus","og_description":"Discover Pietro Nuti's inspiring career change from urban planning to software engineering in our latest blog, piece. Learn how Pietro's passion for coding, reignited by 42's innovative curriculum, led him to a thriving career at Capgemini.","og_url":"https:\/\/42wolfsburg.de\/de\/charting-new-paths-insights-from-pietro-a-42-alumnus\/","og_site_name":"42 Wolfsburg","article_modified_time":"2026-04-07T08:44:12+00:00","og_image":[{"width":2560,"height":1708,"url":"https:\/\/42wolfsburg.de\/wp-content\/uploads\/2024\/02\/Lexmouth-20220811-9840-scaled.jpg","type":"image\/jpeg"}],"twitter_card":"summary_large_image","twitter_misc":{"Gesch\u00e4tzte Lesezeit":"3\u00a0Minuten"},"schema":{"@context":"https:\/\/schema.org","@graph":[{"@type":"WebPage","@id":"https:\/\/42wolfsburg.de\/charting-new-paths-insights-from-pietro-a-42-alumnus\/","url":"https:\/\/42wolfsburg.de\/charting-new-paths-insights-from-pietro-a-42-alumnus\/","name":"Charting New Paths: Insights from Pietro, a 42 Alumnus","isPartOf":{"@id":"https:\/\/42wolfsburg.de\/#website"},"primaryImageOfPage":{"@id":"https:\/\/42wolfsburg.de\/charting-new-paths-insights-from-pietro-a-42-alumnus\/#primaryimage"},"image":{"@id":"https:\/\/42wolfsburg.de\/charting-new-paths-insights-from-pietro-a-42-alumnus\/#primaryimage"},"thumbnailUrl":"https:\/\/42wolfsburg.de\/wp-content\/uploads\/2024\/02\/Lexmouth-20220811-9840-scaled.jpg","datePublished":"2024-02-21T18:50:14+00:00","dateModified":"2026-04-07T08:44:12+00:00","breadcrumb":{"@id":"https:\/\/42wolfsburg.de\/charting-new-paths-insights-from-pietro-a-42-alumnus\/#breadcrumb"},"inLanguage":"de","potentialAction":[{"@type":"ReadAction","target":["https:\/\/42wolfsburg.de\/charting-new-paths-insights-from-pietro-a-42-alumnus\/"]}]},{"@type":"ImageObject","inLanguage":"de","@id":"https:\/\/42wolfsburg.de\/charting-new-paths-insights-from-pietro-a-42-alumnus\/#primaryimage","url":"https:\/\/42wolfsburg.de\/wp-content\/uploads\/2024\/02\/Lexmouth-20220811-9840-scaled.jpg","contentUrl":"https:\/\/42wolfsburg.de\/wp-content\/uploads\/2024\/02\/Lexmouth-20220811-9840-scaled.jpg","width":2560,"height":1708,"caption":"#image_title"},{"@type":"BreadcrumbList","@id":"https:\/\/42wolfsburg.de\/charting-new-paths-insights-from-pietro-a-42-alumnus\/#breadcrumb","itemListElement":[{"@type":"ListItem","position":1,"name":"Home","item":"https:\/\/42wolfsburg.de\/"},{"@type":"ListItem","position":2,"name":"Charting New Paths: Insights from Pietro, a 42 Alumnus"}]},{"@type":"WebSite","@id":"https:\/\/42wolfsburg.de\/#website","url":"https:\/\/42wolfsburg.de\/","name":"42 Wolfsburg","description":"Coding School","publisher":{"@id":"https:\/\/42wolfsburg.de\/#organization"},"potentialAction":[{"@type":"SearchAction","target":{"@type":"EntryPoint","urlTemplate":"https:\/\/42wolfsburg.de\/?s={search_term_string}"},"query-input":{"@type":"PropertyValueSpecification","valueRequired":true,"valueName":"search_term_string"}}],"inLanguage":"de"},{"@type":"Organization","@id":"https:\/\/42wolfsburg.de\/#organization","name":"42 Wolfsburg","url":"https:\/\/42wolfsburg.de\/","logo":{"@type":"ImageObject","inLanguage":"de","@id":"https:\/\/42wolfsburg.de\/#\/schema\/logo\/image\/","url":"https:\/\/42wolfsburg.de\/wp-content\/uploads\/2024\/08\/42Wolfsburg_Logo_ver_pos_black_RGB.png","contentUrl":"https:\/\/42wolfsburg.de\/wp-content\/uploads\/2024\/08\/42Wolfsburg_Logo_ver_pos_black_RGB.png","width":591,"height":591,"caption":"42 Wolfsburg"},"image":{"@id":"https:\/\/42wolfsburg.de\/#\/schema\/logo\/image\/"}}]}},"_links":{"self":[{"href":"https:\/\/42wolfsburg.de\/de\/wp-json\/wp\/v2\/pages\/3818","targetHints":{"allow":["GET"]}}],"collection":[{"href":"https:\/\/42wolfsburg.de\/de\/wp-json\/wp\/v2\/pages"}],"about":[{"href":"https:\/\/42wolfsburg.de\/de\/wp-json\/wp\/v2\/types\/page"}],"author":[{"embeddable":true,"href":"https:\/\/42wolfsburg.de\/de\/wp-json\/wp\/v2\/users\/4"}],"replies":[{"embeddable":true,"href":"https:\/\/42wolfsburg.de\/de\/wp-json\/wp\/v2\/comments?post=3818"}],"version-history":[{"count":4,"href":"https:\/\/42wolfsburg.de\/de\/wp-json\/wp\/v2\/pages\/3818\/revisions"}],"predecessor-version":[{"id":7105,"href":"https:\/\/42wolfsburg.de\/de\/wp-json\/wp\/v2\/pages\/3818\/revisions\/7105"}],"wp:featuredmedia":[{"embeddable":true,"href":"https:\/\/42wolfsburg.de\/de\/wp-json\/wp\/v2\/media\/3820"}],"wp:attachment":[{"href":"https:\/\/42wolfsburg.de\/de\/wp-json\/wp\/v2\/media?parent=3818"}],"curies":[{"name":"wp","href":"https:\/\/api.w.org\/{rel}","templated":true}]}}